{"id":4035,"date":"2025-12-13T13:13:45","date_gmt":"2025-12-13T18:13:45","guid":{"rendered":"https:\/\/annedubord.ca\/?post_type=product&#038;p=4035"},"modified":"2025-12-13T13:15:00","modified_gmt":"2025-12-13T18:15:00","slug":"symphonie-dautomne","status":"publish","type":"product","link":"https:\/\/annedubord.ca\/en\/product\/symphonie-dautomne\/","title":{"rendered":"Symphonie d&rsquo;automne"},"content":{"rendered":"","protected":false},"excerpt":{"rendered":"<p>Dimensions : 24&Prime; x 48&Prime;<\/p>\n<p><strong>Cette toile est une explosion de vie pure, cr\u00e9\u00e9e dans un moment d&rsquo;abandon total \u00e0 l&rsquo;intuition. Les formes organiques qui s&rsquo;entrelacent \u00e9voquent pour moi les cycles de la vie, le renouveau, la croissance.\u00a0<\/strong><\/p>\n<p>Oeuvre originale cr\u00e9\u00e9e par Anne Dubord, artiste peintre.<\/p>","protected":false},"featured_media":4037,"template":"","meta":[],"product_brand":[],"product_cat":[160,87],"product_tag":[143],"class_list":{"0":"post-4035","1":"product","2":"type-product","3":"status-publish","4":"has-post-thumbnail","6":"product_cat-collection-matawinie-2025","7":"product_cat-fleurs","8":"product_tag-disponible","9":"pa_annee-253","11":"first","12":"instock","13":"sold-individually","14":"shipping-taxable","15":"purchasable","16":"product-type-simple"},"wooqr_code":"","yoast_head":"<!-- This site is optimized with the Yoast SEO plugin v26.5 - https:\/\/yoast.com\/wordpress\/plugins\/seo\/ -->\n<title>Symphonie d&#039;automne - Anne Dubord Artiste Peintre<\/title>\n<meta name=\"robots\" content=\"index, follow, max-snippet:-1, max-image-preview:large, max-video-preview:-1\" \/>\n<link rel=\"canonical\" href=\"https:\/\/annedubord.ca\/en\/product\/symphonie-dautomne\/\" \/>\n<meta property=\"og:locale\" content=\"en_US\" \/>\n<meta property=\"og:type\" content=\"article\" \/>\n<meta property=\"og:title\" content=\"Symphonie d&#039;automne - Anne Dubord Artiste Peintre\" \/>\n<meta property=\"og:description\" content=\"Dimensions : 24&quot; x 48&quot;  Cette toile est une explosion de vie pure, cr\u00e9\u00e9e dans un moment d&#039;abandon total \u00e0 l&#039;intuition. Les formes organiques qui s&#039;entrelacent \u00e9voquent pour moi les cycles de la vie, le renouveau, la croissance.\u00a0  Oeuvre originale cr\u00e9\u00e9e par Anne Dubord, artiste peintre.\" \/>\n<meta property=\"og:url\" content=\"https:\/\/annedubord.ca\/en\/product\/symphonie-dautomne\/\" \/>\n<meta property=\"og:site_name\" content=\"Anne Dubord Artiste Peintre\" \/>\n<meta property=\"article:publisher\" content=\"https:\/\/facebook.com\/annedubordartiste\" \/>\n<meta property=\"article:modified_time\" content=\"2025-12-13T18:15:00+00:00\" \/>\n<meta property=\"og:image\" content=\"https:\/\/annedubord.ca\/wp-content\/uploads\/2025\/12\/IMG_8583.webp\" \/>\n\t<meta property=\"og:image:width\" content=\"1200\" \/>\n\t<meta property=\"og:image:height\" content=\"1200\" \/>\n\t<meta property=\"og:image:type\" content=\"image\/webp\" \/>\n<meta name=\"twitter:card\" content=\"summary_large_image\" \/>\n<script type=\"application\/ld+json\" class=\"yoast-schema-graph\">{\"@context\":\"https:\/\/schema.org\",\"@graph\":[{\"@type\":\"WebPage\",\"@id\":\"https:\/\/annedubord.ca\/produit\/symphonie-dautomne\/\",\"url\":\"https:\/\/annedubord.ca\/produit\/symphonie-dautomne\/\",\"name\":\"Symphonie d'automne - Anne Dubord Artiste Peintre\",\"isPartOf\":{\"@id\":\"https:\/\/annedubord.ca\/#website\"},\"primaryImageOfPage\":{\"@id\":\"https:\/\/annedubord.ca\/produit\/symphonie-dautomne\/#primaryimage\"},\"image\":{\"@id\":\"https:\/\/annedubord.ca\/produit\/symphonie-dautomne\/#primaryimage\"},\"thumbnailUrl\":\"https:\/\/i0.wp.com\/annedubord.ca\/wp-content\/uploads\/2025\/12\/IMG_8583.webp?fit=1200%2C1200&ssl=1\",\"datePublished\":\"2025-12-13T18:13:45+00:00\",\"dateModified\":\"2025-12-13T18:15:00+00:00\",\"breadcrumb\":{\"@id\":\"https:\/\/annedubord.ca\/produit\/symphonie-dautomne\/#breadcrumb\"},\"inLanguage\":\"en-CA\",\"potentialAction\":[{\"@type\":\"ReadAction\",\"target\":[\"https:\/\/annedubord.ca\/produit\/symphonie-dautomne\/\"]}]},{\"@type\":\"ImageObject\",\"inLanguage\":\"en-CA\",\"@id\":\"https:\/\/annedubord.ca\/produit\/symphonie-dautomne\/#primaryimage\",\"url\":\"https:\/\/i0.wp.com\/annedubord.ca\/wp-content\/uploads\/2025\/12\/IMG_8583.webp?fit=1200%2C1200&ssl=1\",\"contentUrl\":\"https:\/\/i0.wp.com\/annedubord.ca\/wp-content\/uploads\/2025\/12\/IMG_8583.webp?fit=1200%2C1200&ssl=1\",\"width\":1200,\"height\":1200},{\"@type\":\"BreadcrumbList\",\"@id\":\"https:\/\/annedubord.ca\/produit\/symphonie-dautomne\/#breadcrumb\",\"itemListElement\":[{\"@type\":\"ListItem\",\"position\":1,\"name\":\"Accueil\",\"item\":\"https:\/\/annedubord.ca\/\"},{\"@type\":\"ListItem\",\"position\":2,\"name\":\"Boutique\",\"item\":\"https:\/\/annedubord.ca\/boutique\/\"},{\"@type\":\"ListItem\",\"position\":3,\"name\":\"Symphonie d&rsquo;automne\"}]},{\"@type\":\"WebSite\",\"@id\":\"https:\/\/annedubord.ca\/#website\",\"url\":\"https:\/\/annedubord.ca\/\",\"name\":\"Anne Dubord Artiste Peintre\",\"description\":\"Art figuratif et abstrait. Oeuvres originales par Anne Dubord\",\"publisher\":{\"@id\":\"https:\/\/annedubord.ca\/#organization\"},\"potentialAction\":[{\"@type\":\"SearchAction\",\"target\":{\"@type\":\"EntryPoint\",\"urlTemplate\":\"https:\/\/annedubord.ca\/?s={search_term_string}\"},\"query-input\":{\"@type\":\"PropertyValueSpecification\",\"valueRequired\":true,\"valueName\":\"search_term_string\"}}],\"inLanguage\":\"en-CA\"},{\"@type\":\"Organization\",\"@id\":\"https:\/\/annedubord.ca\/#organization\",\"name\":\"Anne Dubord - Artiste peintre\",\"url\":\"https:\/\/annedubord.ca\/\",\"logo\":{\"@type\":\"ImageObject\",\"inLanguage\":\"en-CA\",\"@id\":\"https:\/\/annedubord.ca\/#\/schema\/logo\/image\/\",\"url\":\"https:\/\/annedubord.ca\/wp-content\/uploads\/2022\/05\/AnneDubord-Logo-Horizontal.png\",\"contentUrl\":\"https:\/\/annedubord.ca\/wp-content\/uploads\/2022\/05\/AnneDubord-Logo-Horizontal.png\",\"width\":417,\"height\":180,\"caption\":\"Anne Dubord - Artiste peintre\"},\"image\":{\"@id\":\"https:\/\/annedubord.ca\/#\/schema\/logo\/image\/\"},\"sameAs\":[\"https:\/\/facebook.com\/annedubordartiste\",\"https:\/\/instagram.com\/annedubord.art\"]}]}<\/script>\n<!-- \/ Yoast SEO plugin. -->","yoast_head_json":{"title":"Symphonie d'automne - Anne Dubord Artiste Peintre","robots":{"index":"index","follow":"follow","max-snippet":"max-snippet:-1","max-image-preview":"max-image-preview:large","max-video-preview":"max-video-preview:-1"},"canonical":"https:\/\/annedubord.ca\/en\/product\/symphonie-dautomne\/","og_locale":"en_US","og_type":"article","og_title":"Symphonie d'automne - Anne Dubord Artiste Peintre","og_description":"Dimensions : 24\" x 48\"  Cette toile est une explosion de vie pure, cr\u00e9\u00e9e dans un moment d'abandon total \u00e0 l'intuition. Les formes organiques qui s'entrelacent \u00e9voquent pour moi les cycles de la vie, le renouveau, la croissance.\u00a0  Oeuvre originale cr\u00e9\u00e9e par Anne Dubord, artiste peintre.","og_url":"https:\/\/annedubord.ca\/en\/product\/symphonie-dautomne\/","og_site_name":"Anne Dubord Artiste Peintre","article_publisher":"https:\/\/facebook.com\/annedubordartiste","article_modified_time":"2025-12-13T18:15:00+00:00","og_image":[{"width":1200,"height":1200,"url":"https:\/\/annedubord.ca\/wp-content\/uploads\/2025\/12\/IMG_8583.webp","type":"image\/webp"}],"twitter_card":"summary_large_image","schema":{"@context":"https:\/\/schema.org","@graph":[{"@type":"WebPage","@id":"https:\/\/annedubord.ca\/produit\/symphonie-dautomne\/","url":"https:\/\/annedubord.ca\/produit\/symphonie-dautomne\/","name":"Symphonie d'automne - Anne Dubord Artiste Peintre","isPartOf":{"@id":"https:\/\/annedubord.ca\/#website"},"primaryImageOfPage":{"@id":"https:\/\/annedubord.ca\/produit\/symphonie-dautomne\/#primaryimage"},"image":{"@id":"https:\/\/annedubord.ca\/produit\/symphonie-dautomne\/#primaryimage"},"thumbnailUrl":"https:\/\/i0.wp.com\/annedubord.ca\/wp-content\/uploads\/2025\/12\/IMG_8583.webp?fit=1200%2C1200&ssl=1","datePublished":"2025-12-13T18:13:45+00:00","dateModified":"2025-12-13T18:15:00+00:00","breadcrumb":{"@id":"https:\/\/annedubord.ca\/produit\/symphonie-dautomne\/#breadcrumb"},"inLanguage":"en-CA","potentialAction":[{"@type":"ReadAction","target":["https:\/\/annedubord.ca\/produit\/symphonie-dautomne\/"]}]},{"@type":"ImageObject","inLanguage":"en-CA","@id":"https:\/\/annedubord.ca\/produit\/symphonie-dautomne\/#primaryimage","url":"https:\/\/i0.wp.com\/annedubord.ca\/wp-content\/uploads\/2025\/12\/IMG_8583.webp?fit=1200%2C1200&ssl=1","contentUrl":"https:\/\/i0.wp.com\/annedubord.ca\/wp-content\/uploads\/2025\/12\/IMG_8583.webp?fit=1200%2C1200&ssl=1","width":1200,"height":1200},{"@type":"BreadcrumbList","@id":"https:\/\/annedubord.ca\/produit\/symphonie-dautomne\/#breadcrumb","itemListElement":[{"@type":"ListItem","position":1,"name":"Accueil","item":"https:\/\/annedubord.ca\/"},{"@type":"ListItem","position":2,"name":"Boutique","item":"https:\/\/annedubord.ca\/boutique\/"},{"@type":"ListItem","position":3,"name":"Symphonie d&rsquo;automne"}]},{"@type":"WebSite","@id":"https:\/\/annedubord.ca\/#website","url":"https:\/\/annedubord.ca\/","name":"Anne Dubord Artiste Peintre","description":"Art figuratif et abstrait. Oeuvres originales par Anne Dubord","publisher":{"@id":"https:\/\/annedubord.ca\/#organization"},"potentialAction":[{"@type":"SearchAction","target":{"@type":"EntryPoint","urlTemplate":"https:\/\/annedubord.ca\/?s={search_term_string}"},"query-input":{"@type":"PropertyValueSpecification","valueRequired":true,"valueName":"search_term_string"}}],"inLanguage":"en-CA"},{"@type":"Organization","@id":"https:\/\/annedubord.ca\/#organization","name":"Anne Dubord - Artiste peintre","url":"https:\/\/annedubord.ca\/","logo":{"@type":"ImageObject","inLanguage":"en-CA","@id":"https:\/\/annedubord.ca\/#\/schema\/logo\/image\/","url":"https:\/\/annedubord.ca\/wp-content\/uploads\/2022\/05\/AnneDubord-Logo-Horizontal.png","contentUrl":"https:\/\/annedubord.ca\/wp-content\/uploads\/2022\/05\/AnneDubord-Logo-Horizontal.png","width":417,"height":180,"caption":"Anne Dubord - Artiste peintre"},"image":{"@id":"https:\/\/annedubord.ca\/#\/schema\/logo\/image\/"},"sameAs":["https:\/\/facebook.com\/annedubordartiste","https:\/\/instagram.com\/annedubord.art"]}]}},"jetpack_sharing_enabled":true,"jetpack_likes_enabled":false,"_links":{"self":[{"href":"https:\/\/annedubord.ca\/en\/wp-json\/wp\/v2\/product\/4035","targetHints":{"allow":["GET"]}}],"collection":[{"href":"https:\/\/annedubord.ca\/en\/wp-json\/wp\/v2\/product"}],"about":[{"href":"https:\/\/annedubord.ca\/en\/wp-json\/wp\/v2\/types\/product"}],"wp:featuredmedia":[{"embeddable":true,"href":"https:\/\/annedubord.ca\/en\/wp-json\/wp\/v2\/media\/4037"}],"wp:attachment":[{"href":"https:\/\/annedubord.ca\/en\/wp-json\/wp\/v2\/media?parent=4035"}],"wp:term":[{"taxonomy":"product_brand","embeddable":true,"href":"https:\/\/annedubord.ca\/en\/wp-json\/wp\/v2\/product_brand?post=4035"},{"taxonomy":"product_cat","embeddable":true,"href":"https:\/\/annedubord.ca\/en\/wp-json\/wp\/v2\/product_cat?post=4035"},{"taxonomy":"product_tag","embeddable":true,"href":"https:\/\/annedubord.ca\/en\/wp-json\/wp\/v2\/product_tag?post=4035"}],"curies":[{"name":"wp","href":"https:\/\/api.w.org\/{rel}","templated":true}]}}