{"id":4011,"date":"2025-12-11T15:43:41","date_gmt":"2025-12-11T20:43:41","guid":{"rendered":"https:\/\/annedubord.ca\/?post_type=product&#038;p=4011"},"modified":"2025-12-15T08:57:45","modified_gmt":"2025-12-15T13:57:45","slug":"eclosion-spontanee","status":"publish","type":"product","link":"https:\/\/annedubord.ca\/en\/product\/eclosion-spontanee\/","title":{"rendered":"\u00c9closion spontan\u00e9e"},"content":{"rendered":"","protected":false},"excerpt":{"rendered":"<p>Dimensions : 48&Prime; x 24&Prime;<\/p>\n<p><strong>Pure spontan\u00e9it\u00e9 et libert\u00e9 totale. Cette toile est n\u00e9e dans un \u00e9tat de l\u00e2cher-prise complet, o\u00f9 seule l&rsquo;intuition guide chaque geste.<\/strong><\/p>\n<p>Oeuvre originale par Anne Dubord, artiste peintre.<\/p>","protected":false},"featured_media":4012,"template":"","meta":[],"product_brand":[],"product_cat":[75,160],"product_tag":[143],"class_list":{"0":"post-4011","1":"product","2":"type-product","3":"status-publish","4":"has-post-thumbnail","6":"product_cat-abstrait","7":"product_cat-collection-matawinie-2025","8":"product_tag-disponible","10":"first","11":"instock","12":"sold-individually","13":"shipping-taxable","14":"purchasable","15":"product-type-simple"},"wooqr_code":"","yoast_head":"<!-- This site is optimized with the Yoast SEO plugin v26.5 - https:\/\/yoast.com\/wordpress\/plugins\/seo\/ -->\n<title>\u00c9closion spontan\u00e9e - Anne Dubord Artiste Peintre<\/title>\n<meta name=\"robots\" content=\"index, follow, max-snippet:-1, max-image-preview:large, max-video-preview:-1\" \/>\n<link rel=\"canonical\" href=\"https:\/\/annedubord.ca\/en\/product\/eclosion-spontanee\/\" \/>\n<meta property=\"og:locale\" content=\"en_US\" \/>\n<meta property=\"og:type\" content=\"article\" \/>\n<meta property=\"og:title\" content=\"\u00c9closion spontan\u00e9e - Anne Dubord Artiste Peintre\" \/>\n<meta property=\"og:description\" content=\"Dimensions : 48&quot; x 24&quot;  Pure spontan\u00e9it\u00e9 et libert\u00e9 totale. Cette toile est n\u00e9e dans un \u00e9tat de l\u00e2cher-prise complet, o\u00f9 seule l&#039;intuition guide chaque geste.  Oeuvre originale par Anne Dubord, artiste peintre.\" \/>\n<meta property=\"og:url\" content=\"https:\/\/annedubord.ca\/en\/product\/eclosion-spontanee\/\" \/>\n<meta property=\"og:site_name\" content=\"Anne Dubord Artiste Peintre\" \/>\n<meta property=\"article:publisher\" content=\"https:\/\/facebook.com\/annedubordartiste\" \/>\n<meta property=\"article:modified_time\" content=\"2025-12-15T13:57:45+00:00\" \/>\n<meta property=\"og:image\" content=\"https:\/\/annedubord.ca\/wp-content\/uploads\/2025\/12\/eclo_spontane_AnneD.webp\" \/>\n\t<meta property=\"og:image:width\" content=\"1200\" \/>\n\t<meta property=\"og:image:height\" content=\"1200\" \/>\n\t<meta property=\"og:image:type\" content=\"image\/webp\" \/>\n<meta name=\"twitter:card\" content=\"summary_large_image\" \/>\n<script type=\"application\/ld+json\" class=\"yoast-schema-graph\">{\"@context\":\"https:\/\/schema.org\",\"@graph\":[{\"@type\":\"WebPage\",\"@id\":\"https:\/\/annedubord.ca\/produit\/eclosion-spontanee\/\",\"url\":\"https:\/\/annedubord.ca\/produit\/eclosion-spontanee\/\",\"name\":\"\u00c9closion spontan\u00e9e - Anne Dubord Artiste Peintre\",\"isPartOf\":{\"@id\":\"https:\/\/annedubord.ca\/#website\"},\"primaryImageOfPage\":{\"@id\":\"https:\/\/annedubord.ca\/produit\/eclosion-spontanee\/#primaryimage\"},\"image\":{\"@id\":\"https:\/\/annedubord.ca\/produit\/eclosion-spontanee\/#primaryimage\"},\"thumbnailUrl\":\"https:\/\/i0.wp.com\/annedubord.ca\/wp-content\/uploads\/2025\/12\/eclo_spontane_AnneD.webp?fit=1200%2C1200&ssl=1\",\"datePublished\":\"2025-12-11T20:43:41+00:00\",\"dateModified\":\"2025-12-15T13:57:45+00:00\",\"breadcrumb\":{\"@id\":\"https:\/\/annedubord.ca\/produit\/eclosion-spontanee\/#breadcrumb\"},\"inLanguage\":\"en-CA\",\"potentialAction\":[{\"@type\":\"ReadAction\",\"target\":[\"https:\/\/annedubord.ca\/produit\/eclosion-spontanee\/\"]}]},{\"@type\":\"ImageObject\",\"inLanguage\":\"en-CA\",\"@id\":\"https:\/\/annedubord.ca\/produit\/eclosion-spontanee\/#primaryimage\",\"url\":\"https:\/\/i0.wp.com\/annedubord.ca\/wp-content\/uploads\/2025\/12\/eclo_spontane_AnneD.webp?fit=1200%2C1200&ssl=1\",\"contentUrl\":\"https:\/\/i0.wp.com\/annedubord.ca\/wp-content\/uploads\/2025\/12\/eclo_spontane_AnneD.webp?fit=1200%2C1200&ssl=1\",\"width\":1200,\"height\":1200,\"caption\":\"\u00c9closion spontann\u00e9e par Anne Dubord\"},{\"@type\":\"BreadcrumbList\",\"@id\":\"https:\/\/annedubord.ca\/produit\/eclosion-spontanee\/#breadcrumb\",\"itemListElement\":[{\"@type\":\"ListItem\",\"position\":1,\"name\":\"Accueil\",\"item\":\"https:\/\/annedubord.ca\/\"},{\"@type\":\"ListItem\",\"position\":2,\"name\":\"Boutique\",\"item\":\"https:\/\/annedubord.ca\/boutique\/\"},{\"@type\":\"ListItem\",\"position\":3,\"name\":\"\u00c9closion spontan\u00e9e\"}]},{\"@type\":\"WebSite\",\"@id\":\"https:\/\/annedubord.ca\/#website\",\"url\":\"https:\/\/annedubord.ca\/\",\"name\":\"Anne Dubord Artiste Peintre\",\"description\":\"Art figuratif et abstrait. Oeuvres originales par Anne Dubord\",\"publisher\":{\"@id\":\"https:\/\/annedubord.ca\/#organization\"},\"potentialAction\":[{\"@type\":\"SearchAction\",\"target\":{\"@type\":\"EntryPoint\",\"urlTemplate\":\"https:\/\/annedubord.ca\/?s={search_term_string}\"},\"query-input\":{\"@type\":\"PropertyValueSpecification\",\"valueRequired\":true,\"valueName\":\"search_term_string\"}}],\"inLanguage\":\"en-CA\"},{\"@type\":\"Organization\",\"@id\":\"https:\/\/annedubord.ca\/#organization\",\"name\":\"Anne Dubord - Artiste peintre\",\"url\":\"https:\/\/annedubord.ca\/\",\"logo\":{\"@type\":\"ImageObject\",\"inLanguage\":\"en-CA\",\"@id\":\"https:\/\/annedubord.ca\/#\/schema\/logo\/image\/\",\"url\":\"https:\/\/annedubord.ca\/wp-content\/uploads\/2022\/05\/AnneDubord-Logo-Horizontal.png\",\"contentUrl\":\"https:\/\/annedubord.ca\/wp-content\/uploads\/2022\/05\/AnneDubord-Logo-Horizontal.png\",\"width\":417,\"height\":180,\"caption\":\"Anne Dubord - Artiste peintre\"},\"image\":{\"@id\":\"https:\/\/annedubord.ca\/#\/schema\/logo\/image\/\"},\"sameAs\":[\"https:\/\/facebook.com\/annedubordartiste\",\"https:\/\/instagram.com\/annedubord.art\"]}]}<\/script>\n<!-- \/ Yoast SEO plugin. -->","yoast_head_json":{"title":"\u00c9closion spontan\u00e9e - Anne Dubord Artiste Peintre","robots":{"index":"index","follow":"follow","max-snippet":"max-snippet:-1","max-image-preview":"max-image-preview:large","max-video-preview":"max-video-preview:-1"},"canonical":"https:\/\/annedubord.ca\/en\/product\/eclosion-spontanee\/","og_locale":"en_US","og_type":"article","og_title":"\u00c9closion spontan\u00e9e - Anne Dubord Artiste Peintre","og_description":"Dimensions : 48\" x 24\"  Pure spontan\u00e9it\u00e9 et libert\u00e9 totale. Cette toile est n\u00e9e dans un \u00e9tat de l\u00e2cher-prise complet, o\u00f9 seule l'intuition guide chaque geste.  Oeuvre originale par Anne Dubord, artiste peintre.","og_url":"https:\/\/annedubord.ca\/en\/product\/eclosion-spontanee\/","og_site_name":"Anne Dubord Artiste Peintre","article_publisher":"https:\/\/facebook.com\/annedubordartiste","article_modified_time":"2025-12-15T13:57:45+00:00","og_image":[{"width":1200,"height":1200,"url":"https:\/\/annedubord.ca\/wp-content\/uploads\/2025\/12\/eclo_spontane_AnneD.webp","type":"image\/webp"}],"twitter_card":"summary_large_image","schema":{"@context":"https:\/\/schema.org","@graph":[{"@type":"WebPage","@id":"https:\/\/annedubord.ca\/produit\/eclosion-spontanee\/","url":"https:\/\/annedubord.ca\/produit\/eclosion-spontanee\/","name":"\u00c9closion spontan\u00e9e - Anne Dubord Artiste Peintre","isPartOf":{"@id":"https:\/\/annedubord.ca\/#website"},"primaryImageOfPage":{"@id":"https:\/\/annedubord.ca\/produit\/eclosion-spontanee\/#primaryimage"},"image":{"@id":"https:\/\/annedubord.ca\/produit\/eclosion-spontanee\/#primaryimage"},"thumbnailUrl":"https:\/\/i0.wp.com\/annedubord.ca\/wp-content\/uploads\/2025\/12\/eclo_spontane_AnneD.webp?fit=1200%2C1200&ssl=1","datePublished":"2025-12-11T20:43:41+00:00","dateModified":"2025-12-15T13:57:45+00:00","breadcrumb":{"@id":"https:\/\/annedubord.ca\/produit\/eclosion-spontanee\/#breadcrumb"},"inLanguage":"en-CA","potentialAction":[{"@type":"ReadAction","target":["https:\/\/annedubord.ca\/produit\/eclosion-spontanee\/"]}]},{"@type":"ImageObject","inLanguage":"en-CA","@id":"https:\/\/annedubord.ca\/produit\/eclosion-spontanee\/#primaryimage","url":"https:\/\/i0.wp.com\/annedubord.ca\/wp-content\/uploads\/2025\/12\/eclo_spontane_AnneD.webp?fit=1200%2C1200&ssl=1","contentUrl":"https:\/\/i0.wp.com\/annedubord.ca\/wp-content\/uploads\/2025\/12\/eclo_spontane_AnneD.webp?fit=1200%2C1200&ssl=1","width":1200,"height":1200,"caption":"\u00c9closion spontann\u00e9e par Anne Dubord"},{"@type":"BreadcrumbList","@id":"https:\/\/annedubord.ca\/produit\/eclosion-spontanee\/#breadcrumb","itemListElement":[{"@type":"ListItem","position":1,"name":"Accueil","item":"https:\/\/annedubord.ca\/"},{"@type":"ListItem","position":2,"name":"Boutique","item":"https:\/\/annedubord.ca\/boutique\/"},{"@type":"ListItem","position":3,"name":"\u00c9closion spontan\u00e9e"}]},{"@type":"WebSite","@id":"https:\/\/annedubord.ca\/#website","url":"https:\/\/annedubord.ca\/","name":"Anne Dubord Artiste Peintre","description":"Art figuratif et abstrait. Oeuvres originales par Anne Dubord","publisher":{"@id":"https:\/\/annedubord.ca\/#organization"},"potentialAction":[{"@type":"SearchAction","target":{"@type":"EntryPoint","urlTemplate":"https:\/\/annedubord.ca\/?s={search_term_string}"},"query-input":{"@type":"PropertyValueSpecification","valueRequired":true,"valueName":"search_term_string"}}],"inLanguage":"en-CA"},{"@type":"Organization","@id":"https:\/\/annedubord.ca\/#organization","name":"Anne Dubord - Artiste peintre","url":"https:\/\/annedubord.ca\/","logo":{"@type":"ImageObject","inLanguage":"en-CA","@id":"https:\/\/annedubord.ca\/#\/schema\/logo\/image\/","url":"https:\/\/annedubord.ca\/wp-content\/uploads\/2022\/05\/AnneDubord-Logo-Horizontal.png","contentUrl":"https:\/\/annedubord.ca\/wp-content\/uploads\/2022\/05\/AnneDubord-Logo-Horizontal.png","width":417,"height":180,"caption":"Anne Dubord - Artiste peintre"},"image":{"@id":"https:\/\/annedubord.ca\/#\/schema\/logo\/image\/"},"sameAs":["https:\/\/facebook.com\/annedubordartiste","https:\/\/instagram.com\/annedubord.art"]}]}},"jetpack_sharing_enabled":true,"jetpack_likes_enabled":false,"_links":{"self":[{"href":"https:\/\/annedubord.ca\/en\/wp-json\/wp\/v2\/product\/4011","targetHints":{"allow":["GET"]}}],"collection":[{"href":"https:\/\/annedubord.ca\/en\/wp-json\/wp\/v2\/product"}],"about":[{"href":"https:\/\/annedubord.ca\/en\/wp-json\/wp\/v2\/types\/product"}],"wp:featuredmedia":[{"embeddable":true,"href":"https:\/\/annedubord.ca\/en\/wp-json\/wp\/v2\/media\/4012"}],"wp:attachment":[{"href":"https:\/\/annedubord.ca\/en\/wp-json\/wp\/v2\/media?parent=4011"}],"wp:term":[{"taxonomy":"product_brand","embeddable":true,"href":"https:\/\/annedubord.ca\/en\/wp-json\/wp\/v2\/product_brand?post=4011"},{"taxonomy":"product_cat","embeddable":true,"href":"https:\/\/annedubord.ca\/en\/wp-json\/wp\/v2\/product_cat?post=4011"},{"taxonomy":"product_tag","embeddable":true,"href":"https:\/\/annedubord.ca\/en\/wp-json\/wp\/v2\/product_tag?post=4011"}],"curies":[{"name":"wp","href":"https:\/\/api.w.org\/{rel}","templated":true}]}}