{"id":3995,"date":"2025-12-11T14:16:10","date_gmt":"2025-12-11T19:16:10","guid":{"rendered":"https:\/\/annedubord.ca\/?post_type=product&#038;p=3995"},"modified":"2025-12-15T11:55:21","modified_gmt":"2025-12-15T16:55:21","slug":"chaleur","status":"publish","type":"product","link":"https:\/\/annedubord.ca\/en\/product\/chaleur\/","title":{"rendered":"Chaleur d&rsquo;\u00e9t\u00e9"},"content":{"rendered":"","protected":false},"excerpt":{"rendered":"<p>Dimensions : 24&Prime; x 48&Prime;<\/p>\n<p class=\"font-claude-response-body break-words whitespace-normal leading-[1.7]\"><strong>G\u00e9raniums vibrants dans la for\u00eat matawinnienne \u2013 une c\u00e9l\u00e9bration de l&rsquo;\u00e9t\u00e9 o\u00f9 la couleur rencontre la nature sauvage.<\/strong><\/p>\n<p class=\"font-claude-response-body break-words whitespace-normal leading-[1.7]\">Oeuvre originale\u00a0 par Anne Dubord artiste peintre.<\/p>\n","protected":false},"featured_media":3706,"template":"","meta":[],"product_brand":[],"product_cat":[160,87],"product_tag":[143],"class_list":{"0":"post-3995","1":"product","2":"type-product","3":"status-publish","4":"has-post-thumbnail","6":"product_cat-collection-matawinie-2025","7":"product_cat-fleurs","8":"product_tag-disponible","10":"first","11":"instock","12":"sold-individually","13":"shipping-taxable","14":"purchasable","15":"product-type-simple"},"wooqr_code":"","yoast_head":"<!-- This site is optimized with the Yoast SEO plugin v26.5 - https:\/\/yoast.com\/wordpress\/plugins\/seo\/ -->\n<title>Chaleur d&#039;\u00e9t\u00e9 - Anne Dubord Artiste Peintre<\/title>\n<meta name=\"description\" content=\"Acrylique sur toile galerie. Oeuvre originale. Un accent flamboyant au c\u0153ur de la nature sauvage. Cette \u0153uvre refl\u00e8te le dialogue entre ce que j&#039;ai choisi d&#039;apporter et ce que la for\u00eat m&#039;offre\" \/>\n<meta name=\"robots\" content=\"index, follow, max-snippet:-1, max-image-preview:large, max-video-preview:-1\" \/>\n<link rel=\"canonical\" href=\"https:\/\/annedubord.ca\/en\/product\/chaleur\/\" \/>\n<meta property=\"og:locale\" content=\"en_US\" \/>\n<meta property=\"og:type\" content=\"article\" \/>\n<meta property=\"og:title\" content=\"Chaleur d&#039;\u00e9t\u00e9 - Anne Dubord Artiste Peintre\" \/>\n<meta property=\"og:description\" content=\"Acrylique sur toile galerie. Oeuvre originale. Un accent flamboyant au c\u0153ur de la nature sauvage. Cette \u0153uvre refl\u00e8te le dialogue entre ce que j&#039;ai choisi d&#039;apporter et ce que la for\u00eat m&#039;offre\" \/>\n<meta property=\"og:url\" content=\"https:\/\/annedubord.ca\/en\/product\/chaleur\/\" \/>\n<meta property=\"og:site_name\" content=\"Anne Dubord Artiste Peintre\" \/>\n<meta property=\"article:publisher\" content=\"https:\/\/facebook.com\/annedubordartiste\" \/>\n<meta property=\"article:modified_time\" content=\"2025-12-15T16:55:21+00:00\" \/>\n<meta property=\"og:image\" content=\"https:\/\/annedubord.ca\/wp-content\/uploads\/2025\/12\/IMG_8533-1.webp\" \/>\n\t<meta property=\"og:image:width\" content=\"1200\" \/>\n\t<meta property=\"og:image:height\" content=\"1200\" \/>\n\t<meta property=\"og:image:type\" content=\"image\/webp\" \/>\n<meta name=\"twitter:card\" content=\"summary_large_image\" \/>\n<script type=\"application\/ld+json\" class=\"yoast-schema-graph\">{\"@context\":\"https:\/\/schema.org\",\"@graph\":[{\"@type\":\"WebPage\",\"@id\":\"https:\/\/annedubord.ca\/produit\/chaleur\/\",\"url\":\"https:\/\/annedubord.ca\/produit\/chaleur\/\",\"name\":\"Chaleur d'\u00e9t\u00e9 - Anne Dubord Artiste Peintre\",\"isPartOf\":{\"@id\":\"https:\/\/annedubord.ca\/#website\"},\"primaryImageOfPage\":{\"@id\":\"https:\/\/annedubord.ca\/produit\/chaleur\/#primaryimage\"},\"image\":{\"@id\":\"https:\/\/annedubord.ca\/produit\/chaleur\/#primaryimage\"},\"thumbnailUrl\":\"https:\/\/i0.wp.com\/annedubord.ca\/wp-content\/uploads\/2025\/12\/IMG_8533-1.webp?fit=1200%2C1200&ssl=1\",\"datePublished\":\"2025-12-11T19:16:10+00:00\",\"dateModified\":\"2025-12-15T16:55:21+00:00\",\"description\":\"Acrylique sur toile galerie. Oeuvre originale. Un accent flamboyant au c\u0153ur de la nature sauvage. Cette \u0153uvre refl\u00e8te le dialogue entre ce que j'ai choisi d'apporter et ce que la for\u00eat m'offre\",\"breadcrumb\":{\"@id\":\"https:\/\/annedubord.ca\/produit\/chaleur\/#breadcrumb\"},\"inLanguage\":\"en-CA\",\"potentialAction\":[{\"@type\":\"ReadAction\",\"target\":[\"https:\/\/annedubord.ca\/produit\/chaleur\/\"]}]},{\"@type\":\"ImageObject\",\"inLanguage\":\"en-CA\",\"@id\":\"https:\/\/annedubord.ca\/produit\/chaleur\/#primaryimage\",\"url\":\"https:\/\/i0.wp.com\/annedubord.ca\/wp-content\/uploads\/2025\/12\/IMG_8533-1.webp?fit=1200%2C1200&ssl=1\",\"contentUrl\":\"https:\/\/i0.wp.com\/annedubord.ca\/wp-content\/uploads\/2025\/12\/IMG_8533-1.webp?fit=1200%2C1200&ssl=1\",\"width\":1200,\"height\":1200},{\"@type\":\"BreadcrumbList\",\"@id\":\"https:\/\/annedubord.ca\/produit\/chaleur\/#breadcrumb\",\"itemListElement\":[{\"@type\":\"ListItem\",\"position\":1,\"name\":\"Accueil\",\"item\":\"https:\/\/annedubord.ca\/\"},{\"@type\":\"ListItem\",\"position\":2,\"name\":\"Boutique\",\"item\":\"https:\/\/annedubord.ca\/boutique\/\"},{\"@type\":\"ListItem\",\"position\":3,\"name\":\"Chaleur d&rsquo;\u00e9t\u00e9\"}]},{\"@type\":\"WebSite\",\"@id\":\"https:\/\/annedubord.ca\/#website\",\"url\":\"https:\/\/annedubord.ca\/\",\"name\":\"Anne Dubord Artiste Peintre\",\"description\":\"Art figuratif et abstrait. Oeuvres originales par Anne Dubord\",\"publisher\":{\"@id\":\"https:\/\/annedubord.ca\/#organization\"},\"potentialAction\":[{\"@type\":\"SearchAction\",\"target\":{\"@type\":\"EntryPoint\",\"urlTemplate\":\"https:\/\/annedubord.ca\/?s={search_term_string}\"},\"query-input\":{\"@type\":\"PropertyValueSpecification\",\"valueRequired\":true,\"valueName\":\"search_term_string\"}}],\"inLanguage\":\"en-CA\"},{\"@type\":\"Organization\",\"@id\":\"https:\/\/annedubord.ca\/#organization\",\"name\":\"Anne Dubord - Artiste peintre\",\"url\":\"https:\/\/annedubord.ca\/\",\"logo\":{\"@type\":\"ImageObject\",\"inLanguage\":\"en-CA\",\"@id\":\"https:\/\/annedubord.ca\/#\/schema\/logo\/image\/\",\"url\":\"https:\/\/annedubord.ca\/wp-content\/uploads\/2022\/05\/AnneDubord-Logo-Horizontal.png\",\"contentUrl\":\"https:\/\/annedubord.ca\/wp-content\/uploads\/2022\/05\/AnneDubord-Logo-Horizontal.png\",\"width\":417,\"height\":180,\"caption\":\"Anne Dubord - Artiste peintre\"},\"image\":{\"@id\":\"https:\/\/annedubord.ca\/#\/schema\/logo\/image\/\"},\"sameAs\":[\"https:\/\/facebook.com\/annedubordartiste\",\"https:\/\/instagram.com\/annedubord.art\"]}]}<\/script>\n<!-- \/ Yoast SEO plugin. -->","yoast_head_json":{"title":"Chaleur d'\u00e9t\u00e9 - Anne Dubord Artiste Peintre","description":"Acrylique sur toile galerie. Oeuvre originale. Un accent flamboyant au c\u0153ur de la nature sauvage. Cette \u0153uvre refl\u00e8te le dialogue entre ce que j'ai choisi d'apporter et ce que la for\u00eat m'offre","robots":{"index":"index","follow":"follow","max-snippet":"max-snippet:-1","max-image-preview":"max-image-preview:large","max-video-preview":"max-video-preview:-1"},"canonical":"https:\/\/annedubord.ca\/en\/product\/chaleur\/","og_locale":"en_US","og_type":"article","og_title":"Chaleur d'\u00e9t\u00e9 - Anne Dubord Artiste Peintre","og_description":"Acrylique sur toile galerie. Oeuvre originale. Un accent flamboyant au c\u0153ur de la nature sauvage. Cette \u0153uvre refl\u00e8te le dialogue entre ce que j'ai choisi d'apporter et ce que la for\u00eat m'offre","og_url":"https:\/\/annedubord.ca\/en\/product\/chaleur\/","og_site_name":"Anne Dubord Artiste Peintre","article_publisher":"https:\/\/facebook.com\/annedubordartiste","article_modified_time":"2025-12-15T16:55:21+00:00","og_image":[{"width":1200,"height":1200,"url":"https:\/\/annedubord.ca\/wp-content\/uploads\/2025\/12\/IMG_8533-1.webp","type":"image\/webp"}],"twitter_card":"summary_large_image","schema":{"@context":"https:\/\/schema.org","@graph":[{"@type":"WebPage","@id":"https:\/\/annedubord.ca\/produit\/chaleur\/","url":"https:\/\/annedubord.ca\/produit\/chaleur\/","name":"Chaleur d'\u00e9t\u00e9 - Anne Dubord Artiste Peintre","isPartOf":{"@id":"https:\/\/annedubord.ca\/#website"},"primaryImageOfPage":{"@id":"https:\/\/annedubord.ca\/produit\/chaleur\/#primaryimage"},"image":{"@id":"https:\/\/annedubord.ca\/produit\/chaleur\/#primaryimage"},"thumbnailUrl":"https:\/\/i0.wp.com\/annedubord.ca\/wp-content\/uploads\/2025\/12\/IMG_8533-1.webp?fit=1200%2C1200&ssl=1","datePublished":"2025-12-11T19:16:10+00:00","dateModified":"2025-12-15T16:55:21+00:00","description":"Acrylique sur toile galerie. Oeuvre originale. Un accent flamboyant au c\u0153ur de la nature sauvage. Cette \u0153uvre refl\u00e8te le dialogue entre ce que j'ai choisi d'apporter et ce que la for\u00eat m'offre","breadcrumb":{"@id":"https:\/\/annedubord.ca\/produit\/chaleur\/#breadcrumb"},"inLanguage":"en-CA","potentialAction":[{"@type":"ReadAction","target":["https:\/\/annedubord.ca\/produit\/chaleur\/"]}]},{"@type":"ImageObject","inLanguage":"en-CA","@id":"https:\/\/annedubord.ca\/produit\/chaleur\/#primaryimage","url":"https:\/\/i0.wp.com\/annedubord.ca\/wp-content\/uploads\/2025\/12\/IMG_8533-1.webp?fit=1200%2C1200&ssl=1","contentUrl":"https:\/\/i0.wp.com\/annedubord.ca\/wp-content\/uploads\/2025\/12\/IMG_8533-1.webp?fit=1200%2C1200&ssl=1","width":1200,"height":1200},{"@type":"BreadcrumbList","@id":"https:\/\/annedubord.ca\/produit\/chaleur\/#breadcrumb","itemListElement":[{"@type":"ListItem","position":1,"name":"Accueil","item":"https:\/\/annedubord.ca\/"},{"@type":"ListItem","position":2,"name":"Boutique","item":"https:\/\/annedubord.ca\/boutique\/"},{"@type":"ListItem","position":3,"name":"Chaleur d&rsquo;\u00e9t\u00e9"}]},{"@type":"WebSite","@id":"https:\/\/annedubord.ca\/#website","url":"https:\/\/annedubord.ca\/","name":"Anne Dubord Artiste Peintre","description":"Art figuratif et abstrait. Oeuvres originales par Anne Dubord","publisher":{"@id":"https:\/\/annedubord.ca\/#organization"},"potentialAction":[{"@type":"SearchAction","target":{"@type":"EntryPoint","urlTemplate":"https:\/\/annedubord.ca\/?s={search_term_string}"},"query-input":{"@type":"PropertyValueSpecification","valueRequired":true,"valueName":"search_term_string"}}],"inLanguage":"en-CA"},{"@type":"Organization","@id":"https:\/\/annedubord.ca\/#organization","name":"Anne Dubord - Artiste peintre","url":"https:\/\/annedubord.ca\/","logo":{"@type":"ImageObject","inLanguage":"en-CA","@id":"https:\/\/annedubord.ca\/#\/schema\/logo\/image\/","url":"https:\/\/annedubord.ca\/wp-content\/uploads\/2022\/05\/AnneDubord-Logo-Horizontal.png","contentUrl":"https:\/\/annedubord.ca\/wp-content\/uploads\/2022\/05\/AnneDubord-Logo-Horizontal.png","width":417,"height":180,"caption":"Anne Dubord - Artiste peintre"},"image":{"@id":"https:\/\/annedubord.ca\/#\/schema\/logo\/image\/"},"sameAs":["https:\/\/facebook.com\/annedubordartiste","https:\/\/instagram.com\/annedubord.art"]}]}},"jetpack_sharing_enabled":true,"jetpack_likes_enabled":false,"_links":{"self":[{"href":"https:\/\/annedubord.ca\/en\/wp-json\/wp\/v2\/product\/3995","targetHints":{"allow":["GET"]}}],"collection":[{"href":"https:\/\/annedubord.ca\/en\/wp-json\/wp\/v2\/product"}],"about":[{"href":"https:\/\/annedubord.ca\/en\/wp-json\/wp\/v2\/types\/product"}],"wp:featuredmedia":[{"embeddable":true,"href":"https:\/\/annedubord.ca\/en\/wp-json\/wp\/v2\/media\/3706"}],"wp:attachment":[{"href":"https:\/\/annedubord.ca\/en\/wp-json\/wp\/v2\/media?parent=3995"}],"wp:term":[{"taxonomy":"product_brand","embeddable":true,"href":"https:\/\/annedubord.ca\/en\/wp-json\/wp\/v2\/product_brand?post=3995"},{"taxonomy":"product_cat","embeddable":true,"href":"https:\/\/annedubord.ca\/en\/wp-json\/wp\/v2\/product_cat?post=3995"},{"taxonomy":"product_tag","embeddable":true,"href":"https:\/\/annedubord.ca\/en\/wp-json\/wp\/v2\/product_tag?post=3995"}],"curies":[{"name":"wp","href":"https:\/\/api.w.org\/{rel}","templated":true}]}}