{"id":1430,"date":"2022-10-03T10:25:10","date_gmt":"2022-10-03T14:25:10","guid":{"rendered":"https:\/\/annedubord.ca\/produit\/temps-deux-16-x-20\/"},"modified":"2022-10-03T10:36:36","modified_gmt":"2022-10-03T14:36:36","slug":"temps-deux-16-x-20","status":"publish","type":"product","link":"https:\/\/annedubord.ca\/en\/product\/temps-deux-16-x-20\/","title":{"rendered":"Temps \u201cDeux\u201d | 16\u201d x 20\u201d"},"content":{"rendered":"<p>\u0152uvre expressionniste-abstraite par Anne Dubord, 2022. Tous droits r\u00e9serv\u00e9s. Reproduction interdite.<\/p>","protected":false},"excerpt":{"rendered":"<p>\u0152uvre expressionniste-abstraite par Anne Dubord, 2022. Tous droits r\u00e9serv\u00e9s. Reproduction interdite.<\/p>","protected":false},"featured_media":1425,"template":"","meta":[],"product_brand":[],"product_cat":[75],"product_tag":[143],"class_list":{"0":"post-1430","1":"product","2":"type-product","3":"status-publish","4":"has-post-thumbnail","6":"product_cat-abstrait","7":"product_tag-disponible","9":"first","10":"instock","11":"sold-individually","12":"shipping-taxable","13":"purchasable","14":"product-type-simple"},"wooqr_code":"","yoast_head":"<!-- This site is optimized with the Yoast SEO plugin v26.5 - https:\/\/yoast.com\/wordpress\/plugins\/seo\/ -->\n<title>Temps \u201cDeux\u201d | 16\u201d x 20\u201d - Anne Dubord Artiste Peintre<\/title>\n<meta name=\"robots\" content=\"index, follow, max-snippet:-1, max-image-preview:large, max-video-preview:-1\" \/>\n<link rel=\"canonical\" href=\"https:\/\/annedubord.ca\/en\/product\/temps-deux-16-x-20\/\" \/>\n<meta property=\"og:locale\" content=\"en_US\" \/>\n<meta property=\"og:type\" content=\"article\" \/>\n<meta property=\"og:title\" content=\"Temps \u201cDeux\u201d | 16\u201d x 20\u201d - Anne Dubord Artiste Peintre\" \/>\n<meta property=\"og:description\" content=\"\u0152uvre expressionniste-abstraite par Anne Dubord, 2022. Tous droits r\u00e9serv\u00e9s. Reproduction interdite.\" \/>\n<meta property=\"og:url\" content=\"https:\/\/annedubord.ca\/en\/product\/temps-deux-16-x-20\/\" \/>\n<meta property=\"og:site_name\" content=\"Anne Dubord Artiste Peintre\" \/>\n<meta property=\"article:publisher\" content=\"https:\/\/facebook.com\/annedubordartiste\" \/>\n<meta property=\"article:modified_time\" content=\"2022-10-03T14:36:36+00:00\" \/>\n<meta property=\"og:image\" content=\"https:\/\/i0.wp.com\/annedubord.ca\/wp-content\/uploads\/2022\/10\/img_8287.jpeg?fit=1200%2C1200&ssl=1\" \/>\n\t<meta property=\"og:image:width\" content=\"1200\" \/>\n\t<meta property=\"og:image:height\" content=\"1200\" \/>\n\t<meta property=\"og:image:type\" content=\"image\/jpeg\" \/>\n<meta name=\"twitter:card\" content=\"summary_large_image\" \/>\n<script type=\"application\/ld+json\" class=\"yoast-schema-graph\">{\"@context\":\"https:\/\/schema.org\",\"@graph\":[{\"@type\":\"WebPage\",\"@id\":\"https:\/\/annedubord.ca\/produit\/temps-deux-16-x-20\/\",\"url\":\"https:\/\/annedubord.ca\/produit\/temps-deux-16-x-20\/\",\"name\":\"Temps \u201cDeux\u201d | 16\u201d x 20\u201d - Anne Dubord Artiste Peintre\",\"isPartOf\":{\"@id\":\"https:\/\/annedubord.ca\/#website\"},\"primaryImageOfPage\":{\"@id\":\"https:\/\/annedubord.ca\/produit\/temps-deux-16-x-20\/#primaryimage\"},\"image\":{\"@id\":\"https:\/\/annedubord.ca\/produit\/temps-deux-16-x-20\/#primaryimage\"},\"thumbnailUrl\":\"https:\/\/i0.wp.com\/annedubord.ca\/wp-content\/uploads\/2022\/10\/img_8287.jpeg?fit=1200%2C1200&ssl=1\",\"datePublished\":\"2022-10-03T14:25:10+00:00\",\"dateModified\":\"2022-10-03T14:36:36+00:00\",\"breadcrumb\":{\"@id\":\"https:\/\/annedubord.ca\/produit\/temps-deux-16-x-20\/#breadcrumb\"},\"inLanguage\":\"en-CA\",\"potentialAction\":[{\"@type\":\"ReadAction\",\"target\":[\"https:\/\/annedubord.ca\/produit\/temps-deux-16-x-20\/\"]}]},{\"@type\":\"ImageObject\",\"inLanguage\":\"en-CA\",\"@id\":\"https:\/\/annedubord.ca\/produit\/temps-deux-16-x-20\/#primaryimage\",\"url\":\"https:\/\/i0.wp.com\/annedubord.ca\/wp-content\/uploads\/2022\/10\/img_8287.jpeg?fit=1200%2C1200&ssl=1\",\"contentUrl\":\"https:\/\/i0.wp.com\/annedubord.ca\/wp-content\/uploads\/2022\/10\/img_8287.jpeg?fit=1200%2C1200&ssl=1\",\"width\":1200,\"height\":1200},{\"@type\":\"BreadcrumbList\",\"@id\":\"https:\/\/annedubord.ca\/produit\/temps-deux-16-x-20\/#breadcrumb\",\"itemListElement\":[{\"@type\":\"ListItem\",\"position\":1,\"name\":\"Accueil\",\"item\":\"https:\/\/annedubord.ca\/\"},{\"@type\":\"ListItem\",\"position\":2,\"name\":\"Boutique\",\"item\":\"https:\/\/annedubord.ca\/boutique\/\"},{\"@type\":\"ListItem\",\"position\":3,\"name\":\"Temps \u201cDeux\u201d | 16\u201d x 20\u201d\"}]},{\"@type\":\"WebSite\",\"@id\":\"https:\/\/annedubord.ca\/#website\",\"url\":\"https:\/\/annedubord.ca\/\",\"name\":\"Anne Dubord Artiste Peintre\",\"description\":\"Art figuratif et abstrait. Oeuvres originales par Anne Dubord\",\"publisher\":{\"@id\":\"https:\/\/annedubord.ca\/#organization\"},\"potentialAction\":[{\"@type\":\"SearchAction\",\"target\":{\"@type\":\"EntryPoint\",\"urlTemplate\":\"https:\/\/annedubord.ca\/?s={search_term_string}\"},\"query-input\":{\"@type\":\"PropertyValueSpecification\",\"valueRequired\":true,\"valueName\":\"search_term_string\"}}],\"inLanguage\":\"en-CA\"},{\"@type\":\"Organization\",\"@id\":\"https:\/\/annedubord.ca\/#organization\",\"name\":\"Anne Dubord - Artiste peintre\",\"url\":\"https:\/\/annedubord.ca\/\",\"logo\":{\"@type\":\"ImageObject\",\"inLanguage\":\"en-CA\",\"@id\":\"https:\/\/annedubord.ca\/#\/schema\/logo\/image\/\",\"url\":\"https:\/\/annedubord.ca\/wp-content\/uploads\/2022\/05\/AnneDubord-Logo-Horizontal.png\",\"contentUrl\":\"https:\/\/annedubord.ca\/wp-content\/uploads\/2022\/05\/AnneDubord-Logo-Horizontal.png\",\"width\":417,\"height\":180,\"caption\":\"Anne Dubord - Artiste peintre\"},\"image\":{\"@id\":\"https:\/\/annedubord.ca\/#\/schema\/logo\/image\/\"},\"sameAs\":[\"https:\/\/facebook.com\/annedubordartiste\",\"https:\/\/instagram.com\/annedubord.art\"]}]}<\/script>\n<!-- \/ Yoast SEO plugin. -->","yoast_head_json":{"title":"Temps \u201cDeux\u201d | 16\u201d x 20\u201d - Anne Dubord Artiste Peintre","robots":{"index":"index","follow":"follow","max-snippet":"max-snippet:-1","max-image-preview":"max-image-preview:large","max-video-preview":"max-video-preview:-1"},"canonical":"https:\/\/annedubord.ca\/en\/product\/temps-deux-16-x-20\/","og_locale":"en_US","og_type":"article","og_title":"Temps \u201cDeux\u201d | 16\u201d x 20\u201d - Anne Dubord Artiste Peintre","og_description":"\u0152uvre expressionniste-abstraite par Anne Dubord, 2022. Tous droits r\u00e9serv\u00e9s. Reproduction interdite.","og_url":"https:\/\/annedubord.ca\/en\/product\/temps-deux-16-x-20\/","og_site_name":"Anne Dubord Artiste Peintre","article_publisher":"https:\/\/facebook.com\/annedubordartiste","article_modified_time":"2022-10-03T14:36:36+00:00","og_image":[{"width":1200,"height":1200,"url":"https:\/\/i0.wp.com\/annedubord.ca\/wp-content\/uploads\/2022\/10\/img_8287.jpeg?fit=1200%2C1200&ssl=1","type":"image\/jpeg"}],"twitter_card":"summary_large_image","schema":{"@context":"https:\/\/schema.org","@graph":[{"@type":"WebPage","@id":"https:\/\/annedubord.ca\/produit\/temps-deux-16-x-20\/","url":"https:\/\/annedubord.ca\/produit\/temps-deux-16-x-20\/","name":"Temps \u201cDeux\u201d | 16\u201d x 20\u201d - Anne Dubord Artiste Peintre","isPartOf":{"@id":"https:\/\/annedubord.ca\/#website"},"primaryImageOfPage":{"@id":"https:\/\/annedubord.ca\/produit\/temps-deux-16-x-20\/#primaryimage"},"image":{"@id":"https:\/\/annedubord.ca\/produit\/temps-deux-16-x-20\/#primaryimage"},"thumbnailUrl":"https:\/\/i0.wp.com\/annedubord.ca\/wp-content\/uploads\/2022\/10\/img_8287.jpeg?fit=1200%2C1200&ssl=1","datePublished":"2022-10-03T14:25:10+00:00","dateModified":"2022-10-03T14:36:36+00:00","breadcrumb":{"@id":"https:\/\/annedubord.ca\/produit\/temps-deux-16-x-20\/#breadcrumb"},"inLanguage":"en-CA","potentialAction":[{"@type":"ReadAction","target":["https:\/\/annedubord.ca\/produit\/temps-deux-16-x-20\/"]}]},{"@type":"ImageObject","inLanguage":"en-CA","@id":"https:\/\/annedubord.ca\/produit\/temps-deux-16-x-20\/#primaryimage","url":"https:\/\/i0.wp.com\/annedubord.ca\/wp-content\/uploads\/2022\/10\/img_8287.jpeg?fit=1200%2C1200&ssl=1","contentUrl":"https:\/\/i0.wp.com\/annedubord.ca\/wp-content\/uploads\/2022\/10\/img_8287.jpeg?fit=1200%2C1200&ssl=1","width":1200,"height":1200},{"@type":"BreadcrumbList","@id":"https:\/\/annedubord.ca\/produit\/temps-deux-16-x-20\/#breadcrumb","itemListElement":[{"@type":"ListItem","position":1,"name":"Accueil","item":"https:\/\/annedubord.ca\/"},{"@type":"ListItem","position":2,"name":"Boutique","item":"https:\/\/annedubord.ca\/boutique\/"},{"@type":"ListItem","position":3,"name":"Temps \u201cDeux\u201d | 16\u201d x 20\u201d"}]},{"@type":"WebSite","@id":"https:\/\/annedubord.ca\/#website","url":"https:\/\/annedubord.ca\/","name":"Anne Dubord Artiste Peintre","description":"Art figuratif et abstrait. Oeuvres originales par Anne Dubord","publisher":{"@id":"https:\/\/annedubord.ca\/#organization"},"potentialAction":[{"@type":"SearchAction","target":{"@type":"EntryPoint","urlTemplate":"https:\/\/annedubord.ca\/?s={search_term_string}"},"query-input":{"@type":"PropertyValueSpecification","valueRequired":true,"valueName":"search_term_string"}}],"inLanguage":"en-CA"},{"@type":"Organization","@id":"https:\/\/annedubord.ca\/#organization","name":"Anne Dubord - Artiste peintre","url":"https:\/\/annedubord.ca\/","logo":{"@type":"ImageObject","inLanguage":"en-CA","@id":"https:\/\/annedubord.ca\/#\/schema\/logo\/image\/","url":"https:\/\/annedubord.ca\/wp-content\/uploads\/2022\/05\/AnneDubord-Logo-Horizontal.png","contentUrl":"https:\/\/annedubord.ca\/wp-content\/uploads\/2022\/05\/AnneDubord-Logo-Horizontal.png","width":417,"height":180,"caption":"Anne Dubord - Artiste peintre"},"image":{"@id":"https:\/\/annedubord.ca\/#\/schema\/logo\/image\/"},"sameAs":["https:\/\/facebook.com\/annedubordartiste","https:\/\/instagram.com\/annedubord.art"]}]}},"jetpack_sharing_enabled":true,"jetpack_likes_enabled":false,"_links":{"self":[{"href":"https:\/\/annedubord.ca\/en\/wp-json\/wp\/v2\/product\/1430","targetHints":{"allow":["GET"]}}],"collection":[{"href":"https:\/\/annedubord.ca\/en\/wp-json\/wp\/v2\/product"}],"about":[{"href":"https:\/\/annedubord.ca\/en\/wp-json\/wp\/v2\/types\/product"}],"wp:featuredmedia":[{"embeddable":true,"href":"https:\/\/annedubord.ca\/en\/wp-json\/wp\/v2\/media\/1425"}],"wp:attachment":[{"href":"https:\/\/annedubord.ca\/en\/wp-json\/wp\/v2\/media?parent=1430"}],"wp:term":[{"taxonomy":"product_brand","embeddable":true,"href":"https:\/\/annedubord.ca\/en\/wp-json\/wp\/v2\/product_brand?post=1430"},{"taxonomy":"product_cat","embeddable":true,"href":"https:\/\/annedubord.ca\/en\/wp-json\/wp\/v2\/product_cat?post=1430"},{"taxonomy":"product_tag","embeddable":true,"href":"https:\/\/annedubord.ca\/en\/wp-json\/wp\/v2\/product_tag?post=1430"}],"curies":[{"name":"wp","href":"https:\/\/api.w.org\/{rel}","templated":true}]}}