{"id":670,"date":"2022-03-23T08:36:23","date_gmt":"2022-03-23T08:36:23","guid":{"rendered":"https:\/\/demo.creativethemes.com\/stagingseven\/?page_id=381"},"modified":"2025-12-15T10:36:00","modified_gmt":"2025-12-15T15:36:00","slug":"contact-us","status":"publish","type":"page","link":"https:\/\/annedubord.ca\/en\/contact-us\/","title":{"rendered":"Me contacter"},"content":{"rendered":"<div class=\"wp-block-getwid-section alignfull alignfull getwid-section-content-custom-width\"><div class=\"wp-block-getwid-section__wrapper getwid-padding-left-medium getwid-padding-right-medium\"><div class=\"wp-block-getwid-section__inner-wrapper\" style=\"max-width:1140px\"><div class=\"wp-block-getwid-section__background-holder\"><div class=\"wp-block-getwid-section__background\"><\/div><div class=\"wp-block-getwid-section__foreground\"><\/div><\/div><div class=\"wp-block-getwid-section__content\"><div class=\"wp-block-getwid-section__inner-content\">\n<div class=\"wp-block-getwid-advanced-heading\" style=\"margin-top:0px\"><span class=\"wp-block-getwid-advanced-heading__content\" style=\"text-align:center\"><\/span><\/div>\n\n\n\n<div class=\"wp-block-getwid-advanced-heading\" style=\"margin-bottom:30px;margin-top:10px\"><h2 class=\"wp-block-getwid-advanced-heading__content\" style=\"text-align:center\">Vous avez des questions?<\/h2><\/div>\n\n\n\n<p class=\"has-text-align-center\"><\/p>\n\n\n\n<div class=\"wp-block-getwid-advanced-spacer\" style=\"height:40px\" aria-hidden=\"true\"><\/div>\n\n\n\n<div class=\"wp-block-columns has-2-columns is-layout-flex wp-container-core-columns-is-layout-28f84493 wp-block-columns-is-layout-flex\">\n<div class=\"wp-block-column is-layout-flow wp-block-column-is-layout-flow\">\n<div class=\"wp-block-getwid-advanced-heading\" style=\"margin-bottom:20px\"><h3 class=\"wp-block-getwid-advanced-heading__content\">Restons en contact !<\/h3><\/div>\n\n\n\n<p>Vous avez un coup de c\u0153ur pour une de mes toiles? Une question sur ma d\u00e9marche artistique ou mes \u0153uvres disponibles?<\/p>\n\n\n\n<p>N&rsquo;h\u00e9sitez pas \u00e0 m&rsquo;\u00e9crire !<\/p>\n\n\n\n<p><\/p>\n<\/div>\n\n\n\n<div class=\"wp-block-column is-layout-flow wp-block-column-is-layout-flow\">\n<div class=\"wp-block-contact-form-7-contact-form-selector\">\n<div class=\"wpcf7 no-js\" id=\"wpcf7-f6-o1\" lang=\"fr-FR\" dir=\"ltr\" data-wpcf7-id=\"6\">\n<div class=\"screen-reader-response\"><p role=\"status\" aria-live=\"polite\" aria-atomic=\"true\"><\/p> <ul><\/ul><\/div>\n<form action=\"\/en\/wp-json\/wp\/v2\/pages\/670#wpcf7-f6-o1\" method=\"post\" class=\"wpcf7-form init\" aria-label=\"Formulaire de contact\" novalidate=\"novalidate\" data-status=\"init\" data-trp-original-action=\"\/en\/wp-json\/wp\/v2\/pages\/670#wpcf7-f6-o1\">\n<fieldset class=\"hidden-fields-container\"><input type=\"hidden\" name=\"_wpcf7\" value=\"6\" \/><input type=\"hidden\" name=\"_wpcf7_version\" value=\"6.1.5\" \/><input type=\"hidden\" name=\"_wpcf7_locale\" value=\"fr_FR\" \/><input type=\"hidden\" name=\"_wpcf7_unit_tag\" value=\"wpcf7-f6-o1\" \/><input type=\"hidden\" name=\"_wpcf7_container_post\" value=\"0\" \/><input type=\"hidden\" name=\"_wpcf7_posted_data_hash\" value=\"\" \/>\n<\/fieldset>\n<p><label> Votre nom<br \/>\n<span class=\"wpcf7-form-control-wrap\" data-name=\"your-name\"><input size=\"40\" maxlength=\"400\" class=\"wpcf7-form-control wpcf7-text wpcf7-validates-as-required\" aria-required=\"true\" aria-invalid=\"false\" value=\"\" type=\"text\" name=\"your-name\" \/><\/span> <\/label>\n<\/p>\n<p><label> Courriel<br \/>\n<span class=\"wpcf7-form-control-wrap\" data-name=\"your-email\"><input size=\"40\" maxlength=\"400\" class=\"wpcf7-form-control wpcf7-email wpcf7-validates-as-required wpcf7-text wpcf7-validates-as-email\" aria-required=\"true\" aria-invalid=\"false\" value=\"\" type=\"email\" name=\"your-email\" \/><\/span> <\/label>\n<\/p>\n<p><label> Sujet<br \/>\n<span class=\"wpcf7-form-control-wrap\" data-name=\"your-subject\"><input size=\"40\" maxlength=\"400\" class=\"wpcf7-form-control wpcf7-text wpcf7-validates-as-required\" aria-required=\"true\" aria-invalid=\"false\" value=\"\" type=\"text\" name=\"your-subject\" \/><\/span> <\/label>\n<\/p>\n<p><label> Message<br \/>\n<span class=\"wpcf7-form-control-wrap\" data-name=\"your-message\"><textarea cols=\"40\" rows=\"10\" maxlength=\"2000\" class=\"wpcf7-form-control wpcf7-textarea wpcf7-validates-as-required\" aria-required=\"true\" aria-invalid=\"false\" name=\"your-message\"><\/textarea><\/span> <\/label>\n<\/p>\n<p><input class=\"wpcf7-form-control wpcf7-submit has-spinner\" type=\"submit\" value=\"Envoyer\" \/>\n<\/p><div class=\"wpcf7-response-output\" aria-hidden=\"true\"><\/div>\n<input type=\"hidden\" name=\"trp-form-language\" value=\"en\"\/><\/form>\n<\/div>\n<\/div>\n<\/div>\n<\/div>\n<\/div><\/div><\/div><\/div><\/div>\n\n\n\n<p><\/p>","protected":false},"excerpt":{"rendered":"","protected":false},"author":1,"featured_media":699,"parent":0,"menu_order":0,"comment_status":"closed","ping_status":"closed","template":"","meta":{"footnotes":""},"class_list":["post-670","page","type-page","status-publish","has-post-thumbnail","hentry"],"blocksy_meta":{"page_title_panel":"","has_hero_section":"default","d164b8f26f9cbfd053b88a7283dfd2c6":"","hero_section":"type-1","hero_elements":[{"id":"custom_title","enabled":true,"heading_tag":"h1","title":"Home"},{"id":"custom_description","enabled":true,"description_visibility":{"desktop":true,"tablet":true,"mobile":false}},{"id":"custom_meta","enabled":false,"meta_elements":[{"id":"author","enabled":true,"label":"By","has_author_avatar":"yes","avatar_size":25},{"id":"post_date","enabled":true,"label":"On","date_format_source":"default","date_format":"M j, Y"},{"id":"updated_date","enabled":false,"label":"On","date_format_source":"default","date_format":"M j, Y"},{"id":"categories","enabled":false,"label":"In","style":"simple"},{"id":"comments","enabled":true}],"page_meta_elements":{"joined":true,"articles_count":true,"comments":true}},{"id":"breadcrumbs","enabled":false}],"61393d7c0d3e11903aca7bb4b51e510f":"","hero_alignment1":"CT_CSS_SKIP_RULE","hero_margin":40,"hero_alignment2":"center","hero_vertical_alignment":"center","7596a8dd7d4698ce6574a6bb59aeccb6":"","hero_structure":"narrow","3540a697133f72a27c61191ddb44b28d":"","page_title_bg_type":"featured_image","custom_hero_background":{"attachment_id":null},"parallax":{"desktop":false,"tablet":false,"mobile":false},"4e469f2500d8cea9ff1df5d7a7ee0b9d":"","hero_height":"250px","pageTitleFont":{"family":"Default","variation":"Default","size":"30px","line-height":"CT_CSS_SKIP_RULE","letter-spacing":"CT_CSS_SKIP_RULE","text-transform":"CT_CSS_SKIP_RULE","text-decoration":"CT_CSS_SKIP_RULE"},"pageTitleFontColor":{"default":{"color":"CT_CSS_SKIP_RULEDEFAULT"}},"pageMetaFont":{"family":"Default","variation":"n6","size":"12px","line-height":"1.3","letter-spacing":"CT_CSS_SKIP_RULE","text-transform":"uppercase","text-decoration":"CT_CSS_SKIP_RULE"},"pageMetaFontColor":{"default":{"color":"CT_CSS_SKIP_RULEDEFAULT"},"hover":{"color":"CT_CSS_SKIP_RULEDEFAULT"}},"page_meta_button_type_font_colors":{"default":{"color":"CT_CSS_SKIP_RULEDEFAULT"},"hover":{"color":"CT_CSS_SKIP_RULEDEFAULT"}},"page_meta_button_type_background_colors":{"default":{"color":"CT_CSS_SKIP_RULEDEFAULT"},"hover":{"color":"CT_CSS_SKIP_RULEDEFAULT"}},"pageExcerptFont":{"family":"Default","variation":"Default","size":"CT_CSS_SKIP_RULE","line-height":"CT_CSS_SKIP_RULE","letter-spacing":"CT_CSS_SKIP_RULE","text-transform":"CT_CSS_SKIP_RULE","text-decoration":"CT_CSS_SKIP_RULE"},"pageExcerptColor":{"default":{"color":"CT_CSS_SKIP_RULEDEFAULT"}},"breadcrumbsFont":{"family":"Default","variation":"Default","size":"CT_CSS_SKIP_RULE","line-height":"CT_CSS_SKIP_RULE","letter-spacing":"CT_CSS_SKIP_RULE","text-transform":"CT_CSS_SKIP_RULE","text-decoration":"CT_CSS_SKIP_RULE"},"breadcrumbsFontColor":{"default":{"color":"CT_CSS_SKIP_RULEDEFAULT"},"initial":{"color":"CT_CSS_SKIP_RULEDEFAULT"},"hover":{"color":"CT_CSS_SKIP_RULEDEFAULT"}},"pageTitleOverlay":{"background_type":"color","background_pattern":"type-1","background_image":{"attachment_id":null,"x":0,"y":0},"gradient":"linear-gradient(135deg,rgba(6,147,227,1) 0%,rgb(155,81,224) 100%)","background_repeat":"repeat","background_size":"auto","background_attachment":"scroll","patternColor":{"default":{"color":"#e5e7ea"}},"overlayColor":{"default":{"color":"CT_CSS_SKIP_RULE"}},"backgroundColor":{"default":{"color":"CT_CSS_SKIP_RULE"}}},"pageTitleBackground":{"background_type":"color","background_pattern":"type-1","background_image":{"attachment_id":null,"x":0,"y":0},"gradient":"linear-gradient(135deg,rgba(6,147,227,1) 0%,rgb(155,81,224) 100%)","background_repeat":"repeat","background_size":"auto","background_attachment":"scroll","patternColor":{"default":{"color":"#e5e7ea"}},"overlayColor":{"default":{"color":"CT_CSS_SKIP_RULE"}},"backgroundColor":{"default":{"color":"var(--theme-palette-color-6)"}}},"pageTitlePadding":{"top":"50px","bottom":"50px","left":"auto","right":"auto","linked":true},"991849a46c7a87367c44a69702ed6b1a":"","page_structure_type":"default","04bd53b955ec5ffc8387b259e9361c65":"","content_style_source":"inherit","content_style":"wide","vertical_spacing_source":"custom","content_area_spacing":"none","background":{"background_type":"color","background_pattern":"type-1","background_image":{"attachment_id":null,"x":0,"y":0},"gradient":"linear-gradient(135deg,rgba(6,147,227,1) 0%,rgb(155,81,224) 100%)","background_repeat":"repeat","background_size":"auto","background_attachment":"scroll","patternColor":{"default":{"color":"#e5e7ea"}},"overlayColor":{"default":{"color":"CT_CSS_SKIP_RULE"}},"backgroundColor":{"default":{"color":"CT_CSS_SKIP_RULE"}}},"content_background":{"background_type":"color","background_pattern":"type-1","background_image":{"attachment_id":null,"x":0,"y":0},"gradient":"linear-gradient(135deg,rgba(6,147,227,1) 0%,rgb(155,81,224) 100%)","background_repeat":"repeat","background_size":"auto","background_attachment":"scroll","patternColor":{"default":{"color":"#e5e7ea"}},"overlayColor":{"default":{"color":"CT_CSS_SKIP_RULE"}},"backgroundColor":{"default":{"color":"var(--theme-palette-color-8)"}}},"content_boxed_shadow":{"inherit":false,"blur":18,"spread":-6,"v_offset":12,"h_offset":0,"inset":false,"enable":true,"color":{"color":"rgba(34, 56, 101, 0.04)"}},"boxed_content_spacing":{"desktop":{"top":"40px","bottom":"40px","left":"40px","right":"40px","linked":true},"tablet":{"top":"35px","bottom":"35px","left":"35px","right":"35px","linked":true},"mobile":{"top":"20px","bottom":"20px","left":"20px","right":"20px","linked":true}},"content_boxed_radius":{"top":"3px","bottom":"3px","left":"3px","right":"3px","linked":true},"a5717471cb29a96342b7b5b289e1cec3":"","disable_featured_image":"no","disable_share_box":"no","disable_header":"no","disable_footer":"no","styles_descriptor":{"styles":{"desktop":"","tablet":"","mobile":""},"google_fonts":[],"version":6},"16add72fe6c1bd83a70ae930aacd79f0":"","4c215d13f937afba809080cc3694d044":"","e1dd1e65ce7fbc278fb1c013ddcb2acf":"","7ba8e012d9eaab5e8f642164281b0479":"","page_title_image_size":"full","90248f1d0313191530ea91dbe89e65bf":"","3a6decf6e9f176e2f1684986a43a57a7":"","a092b05f0a814f8d3d3a82c46d617e2a":"","content_boxed_border":{"width":1,"style":"none","color":{"color":"rgba(44,62,80,0.2)"}},"3b951ce8ba5627ac693980186465c3e1":""},"yoast_head":"<!-- This site is optimized with the Yoast SEO plugin v26.5 - https:\/\/yoast.com\/wordpress\/plugins\/seo\/ -->\n<title>Me contacter - Anne Dubord Artiste Peintre<\/title>\n<meta name=\"robots\" content=\"index, follow, max-snippet:-1, max-image-preview:large, max-video-preview:-1\" \/>\n<link rel=\"canonical\" href=\"https:\/\/annedubord.ca\/en\/contact-us\/\" \/>\n<meta property=\"og:locale\" content=\"en_US\" \/>\n<meta property=\"og:type\" content=\"article\" \/>\n<meta property=\"og:title\" content=\"Me contacter - Anne Dubord Artiste Peintre\" \/>\n<meta property=\"og:url\" content=\"https:\/\/annedubord.ca\/en\/contact-us\/\" \/>\n<meta property=\"og:site_name\" content=\"Anne Dubord Artiste Peintre\" \/>\n<meta property=\"article:publisher\" content=\"https:\/\/facebook.com\/annedubordartiste\" \/>\n<meta property=\"article:modified_time\" content=\"2025-12-15T15:36:00+00:00\" \/>\n<meta property=\"og:image\" content=\"https:\/\/annedubord.ca\/wp-content\/uploads\/2022\/06\/Anne-Dubord-Artiste-Peintre.jpg\" \/>\n\t<meta property=\"og:image:width\" content=\"1920\" \/>\n\t<meta property=\"og:image:height\" content=\"1080\" \/>\n\t<meta property=\"og:image:type\" content=\"image\/jpeg\" \/>\n<meta name=\"twitter:card\" content=\"summary_large_image\" \/>\n<meta name=\"twitter:label1\" content=\"Est. reading time\" \/>\n\t<meta name=\"twitter:data1\" content=\"1 minute\" \/>\n<script type=\"application\/ld+json\" class=\"yoast-schema-graph\">{\"@context\":\"https:\/\/schema.org\",\"@graph\":[{\"@type\":\"WebPage\",\"@id\":\"https:\/\/annedubord.ca\/contact-us\/\",\"url\":\"https:\/\/annedubord.ca\/contact-us\/\",\"name\":\"Me contacter - Anne Dubord Artiste Peintre\",\"isPartOf\":{\"@id\":\"https:\/\/annedubord.ca\/#website\"},\"primaryImageOfPage\":{\"@id\":\"https:\/\/annedubord.ca\/contact-us\/#primaryimage\"},\"image\":{\"@id\":\"https:\/\/annedubord.ca\/contact-us\/#primaryimage\"},\"thumbnailUrl\":\"https:\/\/i0.wp.com\/annedubord.ca\/wp-content\/uploads\/2022\/06\/Anne-Dubord-Artiste-Peintre.jpg?fit=1920%2C1080&ssl=1\",\"datePublished\":\"2022-03-23T08:36:23+00:00\",\"dateModified\":\"2025-12-15T15:36:00+00:00\",\"breadcrumb\":{\"@id\":\"https:\/\/annedubord.ca\/contact-us\/#breadcrumb\"},\"inLanguage\":\"en-CA\",\"potentialAction\":[{\"@type\":\"ReadAction\",\"target\":[\"https:\/\/annedubord.ca\/contact-us\/\"]}]},{\"@type\":\"ImageObject\",\"inLanguage\":\"en-CA\",\"@id\":\"https:\/\/annedubord.ca\/contact-us\/#primaryimage\",\"url\":\"https:\/\/i0.wp.com\/annedubord.ca\/wp-content\/uploads\/2022\/06\/Anne-Dubord-Artiste-Peintre.jpg?fit=1920%2C1080&ssl=1\",\"contentUrl\":\"https:\/\/i0.wp.com\/annedubord.ca\/wp-content\/uploads\/2022\/06\/Anne-Dubord-Artiste-Peintre.jpg?fit=1920%2C1080&ssl=1\",\"width\":1920,\"height\":1080,\"caption\":\"Anne Dubord Artiste Peintre\"},{\"@type\":\"BreadcrumbList\",\"@id\":\"https:\/\/annedubord.ca\/contact-us\/#breadcrumb\",\"itemListElement\":[{\"@type\":\"ListItem\",\"position\":1,\"name\":\"Accueil\",\"item\":\"https:\/\/annedubord.ca\/\"},{\"@type\":\"ListItem\",\"position\":2,\"name\":\"Me contacter\"}]},{\"@type\":\"WebSite\",\"@id\":\"https:\/\/annedubord.ca\/#website\",\"url\":\"https:\/\/annedubord.ca\/\",\"name\":\"Anne Dubord Artiste Peintre\",\"description\":\"Art figuratif et abstrait. Oeuvres originales par Anne Dubord\",\"publisher\":{\"@id\":\"https:\/\/annedubord.ca\/#organization\"},\"potentialAction\":[{\"@type\":\"SearchAction\",\"target\":{\"@type\":\"EntryPoint\",\"urlTemplate\":\"https:\/\/annedubord.ca\/?s={search_term_string}\"},\"query-input\":{\"@type\":\"PropertyValueSpecification\",\"valueRequired\":true,\"valueName\":\"search_term_string\"}}],\"inLanguage\":\"en-CA\"},{\"@type\":\"Organization\",\"@id\":\"https:\/\/annedubord.ca\/#organization\",\"name\":\"Anne Dubord - Artiste peintre\",\"url\":\"https:\/\/annedubord.ca\/\",\"logo\":{\"@type\":\"ImageObject\",\"inLanguage\":\"en-CA\",\"@id\":\"https:\/\/annedubord.ca\/#\/schema\/logo\/image\/\",\"url\":\"https:\/\/annedubord.ca\/wp-content\/uploads\/2022\/05\/AnneDubord-Logo-Horizontal.png\",\"contentUrl\":\"https:\/\/annedubord.ca\/wp-content\/uploads\/2022\/05\/AnneDubord-Logo-Horizontal.png\",\"width\":417,\"height\":180,\"caption\":\"Anne Dubord - Artiste peintre\"},\"image\":{\"@id\":\"https:\/\/annedubord.ca\/#\/schema\/logo\/image\/\"},\"sameAs\":[\"https:\/\/facebook.com\/annedubordartiste\",\"https:\/\/instagram.com\/annedubord.art\"]}]}<\/script>\n<!-- \/ Yoast SEO plugin. -->","yoast_head_json":{"title":"Me contacter - Anne Dubord Artiste Peintre","robots":{"index":"index","follow":"follow","max-snippet":"max-snippet:-1","max-image-preview":"max-image-preview:large","max-video-preview":"max-video-preview:-1"},"canonical":"https:\/\/annedubord.ca\/en\/contact-us\/","og_locale":"en_US","og_type":"article","og_title":"Me contacter - Anne Dubord Artiste Peintre","og_url":"https:\/\/annedubord.ca\/en\/contact-us\/","og_site_name":"Anne Dubord Artiste Peintre","article_publisher":"https:\/\/facebook.com\/annedubordartiste","article_modified_time":"2025-12-15T15:36:00+00:00","og_image":[{"width":1920,"height":1080,"url":"https:\/\/annedubord.ca\/wp-content\/uploads\/2022\/06\/Anne-Dubord-Artiste-Peintre.jpg","type":"image\/jpeg"}],"twitter_card":"summary_large_image","twitter_misc":{"Est. reading time":"1 minute"},"schema":{"@context":"https:\/\/schema.org","@graph":[{"@type":"WebPage","@id":"https:\/\/annedubord.ca\/contact-us\/","url":"https:\/\/annedubord.ca\/contact-us\/","name":"Me contacter - Anne Dubord Artiste Peintre","isPartOf":{"@id":"https:\/\/annedubord.ca\/#website"},"primaryImageOfPage":{"@id":"https:\/\/annedubord.ca\/contact-us\/#primaryimage"},"image":{"@id":"https:\/\/annedubord.ca\/contact-us\/#primaryimage"},"thumbnailUrl":"https:\/\/i0.wp.com\/annedubord.ca\/wp-content\/uploads\/2022\/06\/Anne-Dubord-Artiste-Peintre.jpg?fit=1920%2C1080&ssl=1","datePublished":"2022-03-23T08:36:23+00:00","dateModified":"2025-12-15T15:36:00+00:00","breadcrumb":{"@id":"https:\/\/annedubord.ca\/contact-us\/#breadcrumb"},"inLanguage":"en-CA","potentialAction":[{"@type":"ReadAction","target":["https:\/\/annedubord.ca\/contact-us\/"]}]},{"@type":"ImageObject","inLanguage":"en-CA","@id":"https:\/\/annedubord.ca\/contact-us\/#primaryimage","url":"https:\/\/i0.wp.com\/annedubord.ca\/wp-content\/uploads\/2022\/06\/Anne-Dubord-Artiste-Peintre.jpg?fit=1920%2C1080&ssl=1","contentUrl":"https:\/\/i0.wp.com\/annedubord.ca\/wp-content\/uploads\/2022\/06\/Anne-Dubord-Artiste-Peintre.jpg?fit=1920%2C1080&ssl=1","width":1920,"height":1080,"caption":"Anne Dubord Artiste Peintre"},{"@type":"BreadcrumbList","@id":"https:\/\/annedubord.ca\/contact-us\/#breadcrumb","itemListElement":[{"@type":"ListItem","position":1,"name":"Accueil","item":"https:\/\/annedubord.ca\/"},{"@type":"ListItem","position":2,"name":"Me contacter"}]},{"@type":"WebSite","@id":"https:\/\/annedubord.ca\/#website","url":"https:\/\/annedubord.ca\/","name":"Anne Dubord Artiste Peintre","description":"Art figuratif et abstrait. Oeuvres originales par Anne Dubord","publisher":{"@id":"https:\/\/annedubord.ca\/#organization"},"potentialAction":[{"@type":"SearchAction","target":{"@type":"EntryPoint","urlTemplate":"https:\/\/annedubord.ca\/?s={search_term_string}"},"query-input":{"@type":"PropertyValueSpecification","valueRequired":true,"valueName":"search_term_string"}}],"inLanguage":"en-CA"},{"@type":"Organization","@id":"https:\/\/annedubord.ca\/#organization","name":"Anne Dubord - Artiste peintre","url":"https:\/\/annedubord.ca\/","logo":{"@type":"ImageObject","inLanguage":"en-CA","@id":"https:\/\/annedubord.ca\/#\/schema\/logo\/image\/","url":"https:\/\/annedubord.ca\/wp-content\/uploads\/2022\/05\/AnneDubord-Logo-Horizontal.png","contentUrl":"https:\/\/annedubord.ca\/wp-content\/uploads\/2022\/05\/AnneDubord-Logo-Horizontal.png","width":417,"height":180,"caption":"Anne Dubord - Artiste peintre"},"image":{"@id":"https:\/\/annedubord.ca\/#\/schema\/logo\/image\/"},"sameAs":["https:\/\/facebook.com\/annedubordartiste","https:\/\/instagram.com\/annedubord.art"]}]}},"jetpack_sharing_enabled":true,"jetpack_likes_enabled":false,"_links":{"self":[{"href":"https:\/\/annedubord.ca\/en\/wp-json\/wp\/v2\/pages\/670","targetHints":{"allow":["GET"]}}],"collection":[{"href":"https:\/\/annedubord.ca\/en\/wp-json\/wp\/v2\/pages"}],"about":[{"href":"https:\/\/annedubord.ca\/en\/wp-json\/wp\/v2\/types\/page"}],"author":[{"embeddable":true,"href":"https:\/\/annedubord.ca\/en\/wp-json\/wp\/v2\/users\/1"}],"replies":[{"embeddable":true,"href":"https:\/\/annedubord.ca\/en\/wp-json\/wp\/v2\/comments?post=670"}],"version-history":[{"count":9,"href":"https:\/\/annedubord.ca\/en\/wp-json\/wp\/v2\/pages\/670\/revisions"}],"predecessor-version":[{"id":4088,"href":"https:\/\/annedubord.ca\/en\/wp-json\/wp\/v2\/pages\/670\/revisions\/4088"}],"wp:featuredmedia":[{"embeddable":true,"href":"https:\/\/annedubord.ca\/en\/wp-json\/wp\/v2\/media\/699"}],"wp:attachment":[{"href":"https:\/\/annedubord.ca\/en\/wp-json\/wp\/v2\/media?parent=670"}],"curies":[{"name":"wp","href":"https:\/\/api.w.org\/{rel}","templated":true}]}}