{"id":3793,"date":"2025-12-15T09:19:02","date_gmt":"2025-12-15T14:19:02","guid":{"rendered":"https:\/\/annedubord.ca\/?page_id=3793"},"modified":"2025-12-15T09:19:04","modified_gmt":"2025-12-15T14:19:04","slug":"collection-matawinie-2025","status":"publish","type":"page","link":"https:\/\/annedubord.ca\/en\/collection-matawinie-2025\/","title":{"rendered":"Collection Matawinie 2025"},"content":{"rendered":"<div class=\"wp-block-stackable-columns alignfull stk-block-columns stk-block stk-3efaeba\" data-block-id=\"3efaeba\"><style>.stk-3efaeba {margin-top:var(--stk--preset--spacing--70, 3.38rem) !important;margin-bottom:var(--stk--preset--spacing--70, 3.38rem) !important;}<\/style><div class=\"stk-row stk-inner-blocks stk-block-content stk-content-align stk-3efaeba-column alignwide\">\n<div class=\"wp-block-stackable-column stk-block-column stk-column stk-block stk-d4aa496\" data-v=\"4\" data-block-id=\"d4aa496\"><div class=\"stk-column-wrapper stk-block-column__content stk-container stk-d4aa496-container stk--no-background stk--no-padding\"><div class=\"stk-block-content stk-inner-blocks stk-d4aa496-inner-blocks\">\n<div class=\"wp-block-stackable-image stk-block-image stk-block stk-2c95000\" data-block-id=\"2c95000\"><style>.stk-2c95000 .stk-img-wrapper{aspect-ratio:4\/1 !important;height:auto !important;}@media screen and (max-width:999px){.stk-2c95000 .stk-img-wrapper{height:auto !important;}}@media screen and (max-width:689px){.stk-2c95000 .stk-img-wrapper{height:auto !important;}}<\/style><figure><span class=\"stk-img-wrapper stk-image--shape-stretch\"><img data-recalc-dims=\"1\" decoding=\"async\" class=\"stk-img wp-image-3699\" src=\"https:\/\/i0.wp.com\/annedubord.ca\/wp-content\/uploads\/2025\/12\/IMG_8359.webp?resize=1290%2C785&#038;ssl=1\" width=\"1290\" height=\"785\" srcset=\"https:\/\/i0.wp.com\/annedubord.ca\/wp-content\/uploads\/2025\/12\/IMG_8359.webp?w=1920&amp;ssl=1 1920w, https:\/\/i0.wp.com\/annedubord.ca\/wp-content\/uploads\/2025\/12\/IMG_8359.webp?resize=300%2C183&amp;ssl=1 300w, https:\/\/i0.wp.com\/annedubord.ca\/wp-content\/uploads\/2025\/12\/IMG_8359.webp?resize=768%2C468&amp;ssl=1 768w, https:\/\/i0.wp.com\/annedubord.ca\/wp-content\/uploads\/2025\/12\/IMG_8359.webp?resize=1024%2C623&amp;ssl=1 1024w, https:\/\/i0.wp.com\/annedubord.ca\/wp-content\/uploads\/2025\/12\/IMG_8359.webp?resize=1536%2C935&amp;ssl=1 1536w, https:\/\/i0.wp.com\/annedubord.ca\/wp-content\/uploads\/2025\/12\/IMG_8359.webp?resize=18%2C12&amp;ssl=1 18w, https:\/\/i0.wp.com\/annedubord.ca\/wp-content\/uploads\/2025\/12\/IMG_8359.webp?resize=980%2C597&amp;ssl=1 980w\" sizes=\"(max-width: 1290px) 100vw, 1290px\" \/><\/span><\/figure><\/div>\n\n\n\n<div class=\"wp-block-stackable-columns stk-block-columns stk-block stk-7e93a20\" data-block-id=\"7e93a20\"><div class=\"stk-row stk-inner-blocks stk-block-content stk-content-align stk-7e93a20-column\">\n<div class=\"wp-block-stackable-column stk-block-column stk-column stk-block stk-28bffd6\" data-v=\"4\" data-block-id=\"28bffd6\"><div class=\"stk-column-wrapper stk-block-column__content stk-container stk-28bffd6-container stk--no-background stk--no-padding\"><div class=\"stk-block-content stk-inner-blocks stk-28bffd6-inner-blocks\">\n<div class=\"wp-block-stackable-heading stk-block-heading stk-block-heading--v2 stk-block stk-70f9800\" id=\"heading-placeholder\" data-block-id=\"70f9800\"><h2 class=\"stk-block-heading__text\">Quand la for\u00eat inspire<\/h2><\/div>\n<\/div><\/div><\/div>\n\n\n\n<div class=\"wp-block-stackable-column stk-block-column stk-column stk-block stk-44f697a\" data-v=\"4\" data-block-id=\"44f697a\"><div class=\"stk-column-wrapper stk-block-column__content stk-container stk-44f697a-container stk--no-background stk--no-padding\"><div class=\"stk-block-content stk-inner-blocks stk-44f697a-inner-blocks\">\n<div class=\"wp-block-stackable-text stk-block-text stk-block stk-2b2f822\" data-block-id=\"2b2f822\"><p class=\"stk-block-text__text\">Mon nouvel atelier en pleine nature dans la Matawinie, r\u00e9gion de Lanaudi\u00e8re, est devenu ma plus grande source d&rsquo;inspiration. La for\u00eat qui m&rsquo;entoure, riche et vivante, nourrit chaque coup de pinceau.<\/p><\/div>\n\n\n\n<p>D\u00e9couvrez mes six nouvelles \u0153uvres uniques cr\u00e9\u00e9es durant l&rsquo;\u00e9t\u00e9 2025, impr\u00e9gn\u00e9es de la force et de la beaut\u00e9 de ce territoire sauvage.<\/p>\n<\/div><\/div><\/div>\n<\/div><\/div>\n<\/div><\/div><\/div>\n<\/div><\/div>\n\n\n<div class=\"woocommerce columns-2\"><ul class=\"products columns-2\" data-products=\"type-1\">\n<li class=\"product type-product post-4044 status-publish first instock product_cat-collection-matawinie-2025 product_cat-paysages-urbains product_tag-disponible has-post-thumbnail sold-individually shipping-taxable purchasable product-type-simple\">\n\t<a href=\"https:\/\/annedubord.ca\/en\/product\/terre-dacceuil\/\" class=\"woocommerce-LoopProduct-link woocommerce-loop-product__link\"><img decoding=\"async\" width=\"300\" height=\"300\" src=\"https:\/\/i0.wp.com\/annedubord.ca\/wp-content\/uploads\/2025\/12\/IMG_8735.webp?resize=300%2C300&amp;ssl=1\" class=\"attachment-woocommerce_thumbnail size-woocommerce_thumbnail\" alt=\"Terre d&#039;acceuil\" srcset=\"https:\/\/i0.wp.com\/annedubord.ca\/wp-content\/uploads\/2025\/12\/IMG_8735.webp?w=1200&amp;ssl=1 1200w, https:\/\/i0.wp.com\/annedubord.ca\/wp-content\/uploads\/2025\/12\/IMG_8735.webp?resize=300%2C300&amp;ssl=1 300w, https:\/\/i0.wp.com\/annedubord.ca\/wp-content\/uploads\/2025\/12\/IMG_8735.webp?resize=1024%2C1024&amp;ssl=1 1024w, https:\/\/i0.wp.com\/annedubord.ca\/wp-content\/uploads\/2025\/12\/IMG_8735.webp?resize=150%2C150&amp;ssl=1 150w, https:\/\/i0.wp.com\/annedubord.ca\/wp-content\/uploads\/2025\/12\/IMG_8735.webp?resize=768%2C768&amp;ssl=1 768w, https:\/\/i0.wp.com\/annedubord.ca\/wp-content\/uploads\/2025\/12\/IMG_8735.webp?resize=12%2C12&amp;ssl=1 12w\" sizes=\"(max-width: 300px) 100vw, 300px\" \/><h2 class=\"woocommerce-loop-product__title\">Terre d&rsquo;acceuil<\/h2>\n\t<span class=\"price\"><span class=\"woocommerce-Price-amount amount\"><bdi><span class=\"woocommerce-Price-currencySymbol\">&#36;<\/span>2,200.00<\/bdi><\/span><\/span>\n<\/a><div style=\"margin-bottom:10px; text-align:center; width:100%;\">\r\n            <a class=\"button pi-custom-button add-to-enquiry add-to-enquiry-loop\" href=\"javascript:void(0)\" data-action=\"pi_add_to_enquiry\" data-id=\"4044\"  style=\" font-size:16px; \">R\u00e9server<\/a>\r\n            <\/div><\/li>\n<li class=\"product type-product post-4035 status-publish last instock product_cat-collection-matawinie-2025 product_cat-fleurs product_tag-disponible has-post-thumbnail sold-individually shipping-taxable purchasable product-type-simple\">\n\t<a href=\"https:\/\/annedubord.ca\/en\/product\/symphonie-dautomne\/\" class=\"woocommerce-LoopProduct-link woocommerce-loop-product__link\"><img decoding=\"async\" width=\"300\" height=\"300\" src=\"https:\/\/i0.wp.com\/annedubord.ca\/wp-content\/uploads\/2025\/12\/IMG_8583.webp?resize=300%2C300&amp;ssl=1\" class=\"attachment-woocommerce_thumbnail size-woocommerce_thumbnail\" alt=\"Symphonie d&#039;automne\" srcset=\"https:\/\/i0.wp.com\/annedubord.ca\/wp-content\/uploads\/2025\/12\/IMG_8583.webp?w=1200&amp;ssl=1 1200w, https:\/\/i0.wp.com\/annedubord.ca\/wp-content\/uploads\/2025\/12\/IMG_8583.webp?resize=300%2C300&amp;ssl=1 300w, https:\/\/i0.wp.com\/annedubord.ca\/wp-content\/uploads\/2025\/12\/IMG_8583.webp?resize=1024%2C1024&amp;ssl=1 1024w, https:\/\/i0.wp.com\/annedubord.ca\/wp-content\/uploads\/2025\/12\/IMG_8583.webp?resize=150%2C150&amp;ssl=1 150w, https:\/\/i0.wp.com\/annedubord.ca\/wp-content\/uploads\/2025\/12\/IMG_8583.webp?resize=768%2C768&amp;ssl=1 768w, https:\/\/i0.wp.com\/annedubord.ca\/wp-content\/uploads\/2025\/12\/IMG_8583.webp?resize=12%2C12&amp;ssl=1 12w\" sizes=\"(max-width: 300px) 100vw, 300px\" \/><h2 class=\"woocommerce-loop-product__title\">Symphonie d&rsquo;automne<\/h2>\n\t<span class=\"price\"><span class=\"woocommerce-Price-amount amount\"><bdi><span class=\"woocommerce-Price-currencySymbol\">&#36;<\/span>1,200.00<\/bdi><\/span><\/span>\n<\/a><div style=\"margin-bottom:10px; text-align:center; width:100%;\">\r\n            <a class=\"button pi-custom-button add-to-enquiry add-to-enquiry-loop\" href=\"javascript:void(0)\" data-action=\"pi_add_to_enquiry\" data-id=\"4035\"  style=\" font-size:16px; \">R\u00e9server<\/a>\r\n            <\/div><\/li>\n<li class=\"product type-product post-4032 status-publish first instock product_cat-collection-matawinie-2025 product_tag-disponible has-post-thumbnail sold-individually shipping-taxable purchasable product-type-simple\">\n\t<a href=\"https:\/\/annedubord.ca\/en\/product\/liberte-sauvage\/\" class=\"woocommerce-LoopProduct-link woocommerce-loop-product__link\"><img decoding=\"async\" width=\"300\" height=\"300\" src=\"https:\/\/i0.wp.com\/annedubord.ca\/wp-content\/uploads\/2025\/12\/IMG_8528.webp?resize=300%2C300&amp;ssl=1\" class=\"attachment-woocommerce_thumbnail size-woocommerce_thumbnail\" alt=\"Libert\u00e9 Sauvage\" srcset=\"https:\/\/i0.wp.com\/annedubord.ca\/wp-content\/uploads\/2025\/12\/IMG_8528.webp?w=1200&amp;ssl=1 1200w, https:\/\/i0.wp.com\/annedubord.ca\/wp-content\/uploads\/2025\/12\/IMG_8528.webp?resize=150%2C150&amp;ssl=1 150w, https:\/\/i0.wp.com\/annedubord.ca\/wp-content\/uploads\/2025\/12\/IMG_8528.webp?resize=300%2C300&amp;ssl=1 300w, https:\/\/i0.wp.com\/annedubord.ca\/wp-content\/uploads\/2025\/12\/IMG_8528.webp?resize=768%2C768&amp;ssl=1 768w, https:\/\/i0.wp.com\/annedubord.ca\/wp-content\/uploads\/2025\/12\/IMG_8528.webp?resize=1024%2C1024&amp;ssl=1 1024w, https:\/\/i0.wp.com\/annedubord.ca\/wp-content\/uploads\/2025\/12\/IMG_8528.webp?resize=12%2C12&amp;ssl=1 12w, https:\/\/i0.wp.com\/annedubord.ca\/wp-content\/uploads\/2025\/12\/IMG_8528.webp?resize=100%2C100&amp;ssl=1 100w, https:\/\/i0.wp.com\/annedubord.ca\/wp-content\/uploads\/2025\/12\/IMG_8528.webp?resize=980%2C980&amp;ssl=1 980w\" sizes=\"(max-width: 300px) 100vw, 300px\" \/><h2 class=\"woocommerce-loop-product__title\">Libert\u00e9 Sauvage<\/h2>\n\t<span class=\"price\"><span class=\"woocommerce-Price-amount amount\"><bdi><span class=\"woocommerce-Price-currencySymbol\">&#36;<\/span>1,200.00<\/bdi><\/span><\/span>\n<\/a><div style=\"margin-bottom:10px; text-align:center; width:100%;\">\r\n            <a class=\"button pi-custom-button add-to-enquiry add-to-enquiry-loop\" href=\"javascript:void(0)\" data-action=\"pi_add_to_enquiry\" data-id=\"4032\"  style=\" font-size:16px; \">R\u00e9server<\/a>\r\n            <\/div><\/li>\n<li class=\"product type-product post-4025 status-publish last instock product_cat-abstrait product_cat-collection-matawinie-2025 product_tag-d product_tag-disponible has-post-thumbnail sold-individually shipping-taxable purchasable product-type-simple\">\n\t<a href=\"https:\/\/annedubord.ca\/en\/product\/les-bouleaux\/\" class=\"woocommerce-LoopProduct-link woocommerce-loop-product__link\"><img decoding=\"async\" width=\"300\" height=\"300\" src=\"https:\/\/i0.wp.com\/annedubord.ca\/wp-content\/uploads\/2025\/12\/IMG_8522.webp?resize=300%2C300&amp;ssl=1\" class=\"attachment-woocommerce_thumbnail size-woocommerce_thumbnail\" alt=\"Les Bouleaux\" srcset=\"https:\/\/i0.wp.com\/annedubord.ca\/wp-content\/uploads\/2025\/12\/IMG_8522.webp?w=1200&amp;ssl=1 1200w, https:\/\/i0.wp.com\/annedubord.ca\/wp-content\/uploads\/2025\/12\/IMG_8522.webp?resize=150%2C150&amp;ssl=1 150w, https:\/\/i0.wp.com\/annedubord.ca\/wp-content\/uploads\/2025\/12\/IMG_8522.webp?resize=300%2C300&amp;ssl=1 300w, https:\/\/i0.wp.com\/annedubord.ca\/wp-content\/uploads\/2025\/12\/IMG_8522.webp?resize=768%2C768&amp;ssl=1 768w, https:\/\/i0.wp.com\/annedubord.ca\/wp-content\/uploads\/2025\/12\/IMG_8522.webp?resize=1024%2C1024&amp;ssl=1 1024w, https:\/\/i0.wp.com\/annedubord.ca\/wp-content\/uploads\/2025\/12\/IMG_8522.webp?resize=12%2C12&amp;ssl=1 12w, https:\/\/i0.wp.com\/annedubord.ca\/wp-content\/uploads\/2025\/12\/IMG_8522.webp?resize=100%2C100&amp;ssl=1 100w, https:\/\/i0.wp.com\/annedubord.ca\/wp-content\/uploads\/2025\/12\/IMG_8522.webp?resize=980%2C980&amp;ssl=1 980w\" sizes=\"(max-width: 300px) 100vw, 300px\" \/><h2 class=\"woocommerce-loop-product__title\">Les Bouleaux<\/h2>\n\t<span class=\"price\"><span class=\"woocommerce-Price-amount amount\"><bdi><span class=\"woocommerce-Price-currencySymbol\">&#36;<\/span>1,800.00<\/bdi><\/span><\/span>\n<\/a><div style=\"margin-bottom:10px; text-align:center; width:100%;\">\r\n            <a class=\"button pi-custom-button add-to-enquiry add-to-enquiry-loop\" href=\"javascript:void(0)\" data-action=\"pi_add_to_enquiry\" data-id=\"4025\"  style=\" font-size:16px; \">R\u00e9server<\/a>\r\n            <\/div><\/li>\n<li class=\"product type-product post-4011 status-publish first instock product_cat-abstrait product_cat-collection-matawinie-2025 product_tag-disponible has-post-thumbnail sold-individually shipping-taxable purchasable product-type-simple\">\n\t<a href=\"https:\/\/annedubord.ca\/en\/product\/eclosion-spontanee\/\" class=\"woocommerce-LoopProduct-link woocommerce-loop-product__link\"><img decoding=\"async\" width=\"300\" height=\"300\" src=\"https:\/\/i0.wp.com\/annedubord.ca\/wp-content\/uploads\/2025\/12\/eclo_spontane_AnneD.webp?resize=300%2C300&amp;ssl=1\" class=\"attachment-woocommerce_thumbnail size-woocommerce_thumbnail\" alt=\"\u00c9closion spontann\u00e9e par Anne Dubord\" srcset=\"https:\/\/i0.wp.com\/annedubord.ca\/wp-content\/uploads\/2025\/12\/eclo_spontane_AnneD.webp?w=1200&amp;ssl=1 1200w, https:\/\/i0.wp.com\/annedubord.ca\/wp-content\/uploads\/2025\/12\/eclo_spontane_AnneD.webp?resize=300%2C300&amp;ssl=1 300w, https:\/\/i0.wp.com\/annedubord.ca\/wp-content\/uploads\/2025\/12\/eclo_spontane_AnneD.webp?resize=1024%2C1024&amp;ssl=1 1024w, https:\/\/i0.wp.com\/annedubord.ca\/wp-content\/uploads\/2025\/12\/eclo_spontane_AnneD.webp?resize=150%2C150&amp;ssl=1 150w, https:\/\/i0.wp.com\/annedubord.ca\/wp-content\/uploads\/2025\/12\/eclo_spontane_AnneD.webp?resize=768%2C768&amp;ssl=1 768w, https:\/\/i0.wp.com\/annedubord.ca\/wp-content\/uploads\/2025\/12\/eclo_spontane_AnneD.webp?resize=12%2C12&amp;ssl=1 12w\" sizes=\"(max-width: 300px) 100vw, 300px\" \/><h2 class=\"woocommerce-loop-product__title\">\u00c9closion spontan\u00e9e<\/h2>\n\t<span class=\"price\"><span class=\"woocommerce-Price-amount amount\"><bdi><span class=\"woocommerce-Price-currencySymbol\">&#36;<\/span>1,400.00<\/bdi><\/span><\/span>\n<\/a><div style=\"margin-bottom:10px; text-align:center; width:100%;\">\r\n            <a class=\"button pi-custom-button add-to-enquiry add-to-enquiry-loop\" href=\"javascript:void(0)\" data-action=\"pi_add_to_enquiry\" data-id=\"4011\"  style=\" font-size:16px; \">R\u00e9server<\/a>\r\n            <\/div><\/li>\n<li class=\"product type-product post-3995 status-publish last instock product_cat-collection-matawinie-2025 product_cat-fleurs product_tag-disponible has-post-thumbnail sold-individually shipping-taxable purchasable product-type-simple\">\n\t<a href=\"https:\/\/annedubord.ca\/en\/product\/chaleur\/\" class=\"woocommerce-LoopProduct-link woocommerce-loop-product__link\"><img decoding=\"async\" width=\"300\" height=\"300\" src=\"https:\/\/i0.wp.com\/annedubord.ca\/wp-content\/uploads\/2025\/12\/IMG_8533-1.webp?resize=300%2C300&amp;ssl=1\" class=\"attachment-woocommerce_thumbnail size-woocommerce_thumbnail\" alt=\"Chaleur d&#039;\u00e9t\u00e9\" srcset=\"https:\/\/i0.wp.com\/annedubord.ca\/wp-content\/uploads\/2025\/12\/IMG_8533-1.webp?w=1200&amp;ssl=1 1200w, https:\/\/i0.wp.com\/annedubord.ca\/wp-content\/uploads\/2025\/12\/IMG_8533-1.webp?resize=150%2C150&amp;ssl=1 150w, https:\/\/i0.wp.com\/annedubord.ca\/wp-content\/uploads\/2025\/12\/IMG_8533-1.webp?resize=300%2C300&amp;ssl=1 300w, https:\/\/i0.wp.com\/annedubord.ca\/wp-content\/uploads\/2025\/12\/IMG_8533-1.webp?resize=768%2C768&amp;ssl=1 768w, https:\/\/i0.wp.com\/annedubord.ca\/wp-content\/uploads\/2025\/12\/IMG_8533-1.webp?resize=1024%2C1024&amp;ssl=1 1024w, https:\/\/i0.wp.com\/annedubord.ca\/wp-content\/uploads\/2025\/12\/IMG_8533-1.webp?resize=12%2C12&amp;ssl=1 12w, https:\/\/i0.wp.com\/annedubord.ca\/wp-content\/uploads\/2025\/12\/IMG_8533-1.webp?resize=100%2C100&amp;ssl=1 100w, https:\/\/i0.wp.com\/annedubord.ca\/wp-content\/uploads\/2025\/12\/IMG_8533-1.webp?resize=980%2C980&amp;ssl=1 980w\" sizes=\"(max-width: 300px) 100vw, 300px\" \/><h2 class=\"woocommerce-loop-product__title\">Chaleur d&rsquo;\u00e9t\u00e9<\/h2>\n\t<span class=\"price\"><span class=\"woocommerce-Price-amount amount\"><bdi><span class=\"woocommerce-Price-currencySymbol\">&#36;<\/span>1,800.00<\/bdi><\/span><\/span>\n<\/a><div style=\"margin-bottom:10px; text-align:center; width:100%;\">\r\n            <a class=\"button pi-custom-button add-to-enquiry add-to-enquiry-loop\" href=\"javascript:void(0)\" data-action=\"pi_add_to_enquiry\" data-id=\"3995\"  style=\" font-size:16px; \">R\u00e9server<\/a>\r\n            <\/div><\/li>\n<\/ul>\n<\/div>\n\n\n\n<p><\/p>","protected":false},"excerpt":{"rendered":"<p>Quand la for\u00eat inspire Mon nouvel atelier en pleine nature dans la Matawinie, r\u00e9gion de Lanaudi\u00e8re, est devenu ma plus grande source d&rsquo;inspiration. La for\u00eat qui m&rsquo;entoure, riche et vivante, nourrit chaque coup de pinceau. D\u00e9couvrez mes six nouvelles \u0153uvres uniques cr\u00e9\u00e9es durant l&rsquo;\u00e9t\u00e9 2025, impr\u00e9gn\u00e9es de la force et de la beaut\u00e9 de ce [&hellip;]<\/p>\n","protected":false},"author":1,"featured_media":3699,"parent":0,"menu_order":0,"comment_status":"closed","ping_status":"closed","template":"","meta":{"footnotes":""},"class_list":["post-3793","page","type-page","status-publish","has-post-thumbnail","hentry"],"blocksy_meta":[],"yoast_head":"<!-- This site is optimized with the Yoast SEO plugin v26.5 - https:\/\/yoast.com\/wordpress\/plugins\/seo\/ -->\n<title>Collection Matawinie 2025 - Anne Dubord Artiste Peintre<\/title>\n<meta name=\"robots\" content=\"index, follow, max-snippet:-1, max-image-preview:large, max-video-preview:-1\" \/>\n<link rel=\"canonical\" href=\"https:\/\/annedubord.ca\/en\/collection-matawinie-2025\/\" \/>\n<meta property=\"og:locale\" content=\"en_US\" \/>\n<meta property=\"og:type\" content=\"article\" \/>\n<meta property=\"og:title\" content=\"Collection Matawinie 2025 - Anne Dubord Artiste Peintre\" \/>\n<meta property=\"og:description\" content=\"Quand la for\u00eat inspire Mon nouvel atelier en pleine nature dans la Matawinie, r\u00e9gion de Lanaudi\u00e8re, est devenu ma plus grande source d&rsquo;inspiration. La for\u00eat qui m&rsquo;entoure, riche et vivante, nourrit chaque coup de pinceau. D\u00e9couvrez mes six nouvelles \u0153uvres uniques cr\u00e9\u00e9es durant l&rsquo;\u00e9t\u00e9 2025, impr\u00e9gn\u00e9es de la force et de la beaut\u00e9 de ce [&hellip;]\" \/>\n<meta property=\"og:url\" content=\"https:\/\/annedubord.ca\/en\/collection-matawinie-2025\/\" \/>\n<meta property=\"og:site_name\" content=\"Anne Dubord Artiste Peintre\" \/>\n<meta property=\"article:publisher\" content=\"https:\/\/facebook.com\/annedubordartiste\" \/>\n<meta property=\"article:modified_time\" content=\"2025-12-15T14:19:04+00:00\" \/>\n<meta property=\"og:image\" content=\"https:\/\/annedubord.ca\/wp-content\/uploads\/2025\/12\/IMG_8359.webp\" \/>\n\t<meta property=\"og:image:width\" content=\"1920\" \/>\n\t<meta property=\"og:image:height\" content=\"1169\" \/>\n\t<meta property=\"og:image:type\" content=\"image\/webp\" \/>\n<meta name=\"twitter:card\" content=\"summary_large_image\" \/>\n<script type=\"application\/ld+json\" class=\"yoast-schema-graph\">{\"@context\":\"https:\/\/schema.org\",\"@graph\":[{\"@type\":\"WebPage\",\"@id\":\"https:\/\/annedubord.ca\/collection-matawinie-2025\/\",\"url\":\"https:\/\/annedubord.ca\/collection-matawinie-2025\/\",\"name\":\"Collection Matawinie 2025 - Anne Dubord Artiste Peintre\",\"isPartOf\":{\"@id\":\"https:\/\/annedubord.ca\/#website\"},\"primaryImageOfPage\":{\"@id\":\"https:\/\/annedubord.ca\/collection-matawinie-2025\/#primaryimage\"},\"image\":{\"@id\":\"https:\/\/annedubord.ca\/collection-matawinie-2025\/#primaryimage\"},\"thumbnailUrl\":\"https:\/\/i0.wp.com\/annedubord.ca\/wp-content\/uploads\/2025\/12\/IMG_8359.webp?fit=1920%2C1169&ssl=1\",\"datePublished\":\"2025-12-15T14:19:02+00:00\",\"dateModified\":\"2025-12-15T14:19:04+00:00\",\"breadcrumb\":{\"@id\":\"https:\/\/annedubord.ca\/collection-matawinie-2025\/#breadcrumb\"},\"inLanguage\":\"en-CA\",\"potentialAction\":[{\"@type\":\"ReadAction\",\"target\":[\"https:\/\/annedubord.ca\/collection-matawinie-2025\/\"]}]},{\"@type\":\"ImageObject\",\"inLanguage\":\"en-CA\",\"@id\":\"https:\/\/annedubord.ca\/collection-matawinie-2025\/#primaryimage\",\"url\":\"https:\/\/i0.wp.com\/annedubord.ca\/wp-content\/uploads\/2025\/12\/IMG_8359.webp?fit=1920%2C1169&ssl=1\",\"contentUrl\":\"https:\/\/i0.wp.com\/annedubord.ca\/wp-content\/uploads\/2025\/12\/IMG_8359.webp?fit=1920%2C1169&ssl=1\",\"width\":1920,\"height\":1169},{\"@type\":\"BreadcrumbList\",\"@id\":\"https:\/\/annedubord.ca\/collection-matawinie-2025\/#breadcrumb\",\"itemListElement\":[{\"@type\":\"ListItem\",\"position\":1,\"name\":\"Accueil\",\"item\":\"https:\/\/annedubord.ca\/\"},{\"@type\":\"ListItem\",\"position\":2,\"name\":\"Collection Matawinie 2025\"}]},{\"@type\":\"WebSite\",\"@id\":\"https:\/\/annedubord.ca\/#website\",\"url\":\"https:\/\/annedubord.ca\/\",\"name\":\"Anne Dubord Artiste Peintre\",\"description\":\"Art figuratif et abstrait. Oeuvres originales par Anne Dubord\",\"publisher\":{\"@id\":\"https:\/\/annedubord.ca\/#organization\"},\"potentialAction\":[{\"@type\":\"SearchAction\",\"target\":{\"@type\":\"EntryPoint\",\"urlTemplate\":\"https:\/\/annedubord.ca\/?s={search_term_string}\"},\"query-input\":{\"@type\":\"PropertyValueSpecification\",\"valueRequired\":true,\"valueName\":\"search_term_string\"}}],\"inLanguage\":\"en-CA\"},{\"@type\":\"Organization\",\"@id\":\"https:\/\/annedubord.ca\/#organization\",\"name\":\"Anne Dubord - Artiste peintre\",\"url\":\"https:\/\/annedubord.ca\/\",\"logo\":{\"@type\":\"ImageObject\",\"inLanguage\":\"en-CA\",\"@id\":\"https:\/\/annedubord.ca\/#\/schema\/logo\/image\/\",\"url\":\"https:\/\/annedubord.ca\/wp-content\/uploads\/2022\/05\/AnneDubord-Logo-Horizontal.png\",\"contentUrl\":\"https:\/\/annedubord.ca\/wp-content\/uploads\/2022\/05\/AnneDubord-Logo-Horizontal.png\",\"width\":417,\"height\":180,\"caption\":\"Anne Dubord - Artiste peintre\"},\"image\":{\"@id\":\"https:\/\/annedubord.ca\/#\/schema\/logo\/image\/\"},\"sameAs\":[\"https:\/\/facebook.com\/annedubordartiste\",\"https:\/\/instagram.com\/annedubord.art\"]}]}<\/script>\n<!-- \/ Yoast SEO plugin. -->","yoast_head_json":{"title":"Collection Matawinie 2025 - Anne Dubord Artiste Peintre","robots":{"index":"index","follow":"follow","max-snippet":"max-snippet:-1","max-image-preview":"max-image-preview:large","max-video-preview":"max-video-preview:-1"},"canonical":"https:\/\/annedubord.ca\/en\/collection-matawinie-2025\/","og_locale":"en_US","og_type":"article","og_title":"Collection Matawinie 2025 - Anne Dubord Artiste Peintre","og_description":"Quand la for\u00eat inspire Mon nouvel atelier en pleine nature dans la Matawinie, r\u00e9gion de Lanaudi\u00e8re, est devenu ma plus grande source d&rsquo;inspiration. La for\u00eat qui m&rsquo;entoure, riche et vivante, nourrit chaque coup de pinceau. D\u00e9couvrez mes six nouvelles \u0153uvres uniques cr\u00e9\u00e9es durant l&rsquo;\u00e9t\u00e9 2025, impr\u00e9gn\u00e9es de la force et de la beaut\u00e9 de ce [&hellip;]","og_url":"https:\/\/annedubord.ca\/en\/collection-matawinie-2025\/","og_site_name":"Anne Dubord Artiste Peintre","article_publisher":"https:\/\/facebook.com\/annedubordartiste","article_modified_time":"2025-12-15T14:19:04+00:00","og_image":[{"width":1920,"height":1169,"url":"https:\/\/annedubord.ca\/wp-content\/uploads\/2025\/12\/IMG_8359.webp","type":"image\/webp"}],"twitter_card":"summary_large_image","schema":{"@context":"https:\/\/schema.org","@graph":[{"@type":"WebPage","@id":"https:\/\/annedubord.ca\/collection-matawinie-2025\/","url":"https:\/\/annedubord.ca\/collection-matawinie-2025\/","name":"Collection Matawinie 2025 - Anne Dubord Artiste Peintre","isPartOf":{"@id":"https:\/\/annedubord.ca\/#website"},"primaryImageOfPage":{"@id":"https:\/\/annedubord.ca\/collection-matawinie-2025\/#primaryimage"},"image":{"@id":"https:\/\/annedubord.ca\/collection-matawinie-2025\/#primaryimage"},"thumbnailUrl":"https:\/\/i0.wp.com\/annedubord.ca\/wp-content\/uploads\/2025\/12\/IMG_8359.webp?fit=1920%2C1169&ssl=1","datePublished":"2025-12-15T14:19:02+00:00","dateModified":"2025-12-15T14:19:04+00:00","breadcrumb":{"@id":"https:\/\/annedubord.ca\/collection-matawinie-2025\/#breadcrumb"},"inLanguage":"en-CA","potentialAction":[{"@type":"ReadAction","target":["https:\/\/annedubord.ca\/collection-matawinie-2025\/"]}]},{"@type":"ImageObject","inLanguage":"en-CA","@id":"https:\/\/annedubord.ca\/collection-matawinie-2025\/#primaryimage","url":"https:\/\/i0.wp.com\/annedubord.ca\/wp-content\/uploads\/2025\/12\/IMG_8359.webp?fit=1920%2C1169&ssl=1","contentUrl":"https:\/\/i0.wp.com\/annedubord.ca\/wp-content\/uploads\/2025\/12\/IMG_8359.webp?fit=1920%2C1169&ssl=1","width":1920,"height":1169},{"@type":"BreadcrumbList","@id":"https:\/\/annedubord.ca\/collection-matawinie-2025\/#breadcrumb","itemListElement":[{"@type":"ListItem","position":1,"name":"Accueil","item":"https:\/\/annedubord.ca\/"},{"@type":"ListItem","position":2,"name":"Collection Matawinie 2025"}]},{"@type":"WebSite","@id":"https:\/\/annedubord.ca\/#website","url":"https:\/\/annedubord.ca\/","name":"Anne Dubord Artiste Peintre","description":"Art figuratif et abstrait. Oeuvres originales par Anne Dubord","publisher":{"@id":"https:\/\/annedubord.ca\/#organization"},"potentialAction":[{"@type":"SearchAction","target":{"@type":"EntryPoint","urlTemplate":"https:\/\/annedubord.ca\/?s={search_term_string}"},"query-input":{"@type":"PropertyValueSpecification","valueRequired":true,"valueName":"search_term_string"}}],"inLanguage":"en-CA"},{"@type":"Organization","@id":"https:\/\/annedubord.ca\/#organization","name":"Anne Dubord - Artiste peintre","url":"https:\/\/annedubord.ca\/","logo":{"@type":"ImageObject","inLanguage":"en-CA","@id":"https:\/\/annedubord.ca\/#\/schema\/logo\/image\/","url":"https:\/\/annedubord.ca\/wp-content\/uploads\/2022\/05\/AnneDubord-Logo-Horizontal.png","contentUrl":"https:\/\/annedubord.ca\/wp-content\/uploads\/2022\/05\/AnneDubord-Logo-Horizontal.png","width":417,"height":180,"caption":"Anne Dubord - Artiste peintre"},"image":{"@id":"https:\/\/annedubord.ca\/#\/schema\/logo\/image\/"},"sameAs":["https:\/\/facebook.com\/annedubordartiste","https:\/\/instagram.com\/annedubord.art"]}]}},"jetpack_sharing_enabled":true,"jetpack_likes_enabled":false,"_links":{"self":[{"href":"https:\/\/annedubord.ca\/en\/wp-json\/wp\/v2\/pages\/3793","targetHints":{"allow":["GET"]}}],"collection":[{"href":"https:\/\/annedubord.ca\/en\/wp-json\/wp\/v2\/pages"}],"about":[{"href":"https:\/\/annedubord.ca\/en\/wp-json\/wp\/v2\/types\/page"}],"author":[{"embeddable":true,"href":"https:\/\/annedubord.ca\/en\/wp-json\/wp\/v2\/users\/1"}],"replies":[{"embeddable":true,"href":"https:\/\/annedubord.ca\/en\/wp-json\/wp\/v2\/comments?post=3793"}],"version-history":[{"count":4,"href":"https:\/\/annedubord.ca\/en\/wp-json\/wp\/v2\/pages\/3793\/revisions"}],"predecessor-version":[{"id":4056,"href":"https:\/\/annedubord.ca\/en\/wp-json\/wp\/v2\/pages\/3793\/revisions\/4056"}],"wp:featuredmedia":[{"embeddable":true,"href":"https:\/\/annedubord.ca\/en\/wp-json\/wp\/v2\/media\/3699"}],"wp:attachment":[{"href":"https:\/\/annedubord.ca\/en\/wp-json\/wp\/v2\/media?parent=3793"}],"curies":[{"name":"wp","href":"https:\/\/api.w.org\/{rel}","templated":true}]}}