{"id":1404,"date":"2022-09-22T11:46:04","date_gmt":"2022-09-22T15:46:04","guid":{"rendered":"https:\/\/annedubord.ca\/enquiry-cart\/"},"modified":"2025-12-15T12:06:43","modified_gmt":"2025-12-15T17:06:43","slug":"demande-info","status":"publish","type":"page","link":"https:\/\/annedubord.ca\/en\/demande-info\/","title":{"rendered":"La r\u00e9servation"},"content":{"rendered":"<p><\/p>\n\n\n\n<div class=\"wp-block-stackable-columns alignfull stk-block-columns stk-block stk-bf7eb7c\" data-block-id=\"bf7eb7c\"><style>.stk-bf7eb7c {min-height:400px !important;align-items:center !important;margin-top:var(--stk--preset--spacing--70, 3.38rem) !important;margin-bottom:var(--stk--preset--spacing--70, 3.38rem) !important;display:flex !important;}<\/style><div class=\"stk-row stk-inner-blocks stk-block-content stk-content-align stk-bf7eb7c-column alignwide\">\n<div class=\"wp-block-stackable-column stk-block-column stk-column stk-block stk-57622be\" data-v=\"4\" data-block-id=\"57622be\"><div class=\"stk-column-wrapper stk-block-column__content stk-container stk-57622be-container stk--no-background stk--no-padding\"><div class=\"stk-block-content stk-inner-blocks stk-57622be-inner-blocks\">\n<div class=\"wp-block-group alignfull is-content-justification-center is-layout-constrained wp-container-core-group-is-layout-df757ecc wp-block-group-is-layout-constrained\" style=\"margin-top:0;margin-bottom:0;padding-top:calc( 0.5 * var(--wp--style--root--padding-right, var(--wp--custom--gap--horizontal)));padding-right:var(--wp--style--root--padding-right, var(--wp--custom--gap--horizontal));padding-bottom:calc( 0.5 * var(--wp--style--root--padding-right, var(--wp--custom--gap--horizontal)));padding-left:var(--wp--style--root--padding-left, var(--wp--custom--gap--horizontal))\">\n<h2 class=\"wp-block-heading has-text-align-center\">Premi\u00e8re \u00e9tape de votre acquisition<\/h2>\n\n\n\n<div style=\"height:calc( 0.25 * var(--wp--style--root--padding-right, var(--wp--custom--gap--horizontal)))\" aria-hidden=\"true\" class=\"wp-block-spacer\"><\/div>\n\n\n\n<p class=\"has-text-align-center\">R\u00e9server une \u0153uvre vous permet de la s\u00e9curiser pendant que nous finalisons ensemble les d\u00e9tails de votre achat.<\/p>\n\n\n\n<div style=\"height:var(--wp--preset--spacing--30);width:0px\" aria-hidden=\"true\" class=\"wp-block-spacer\"><\/div>\n\n\n\n<div class=\"wp-block-columns alignwide is-layout-flex wp-container-core-columns-is-layout-28f84493 wp-block-columns-is-layout-flex\">\n<div class=\"wp-block-column has-border-color has-primary-border-color has-base-2-background-color has-background is-layout-constrained wp-container-core-column-is-layout-acc8fd31 wp-block-column-is-layout-constrained\" style=\"border-width:2px;padding-top:var(--wp--preset--spacing--30);padding-right:var(--wp--preset--spacing--40);padding-bottom:var(--wp--preset--spacing--30);padding-left:var(--wp--preset--spacing--40)\">\n<div class=\"wp-block-group is-vertical is-content-justification-stretch is-layout-flex wp-container-core-group-is-layout-353c4f5a wp-block-group-is-layout-flex\">\n<div class=\"wp-block-group is-content-justification-center is-nowrap is-layout-flex wp-container-core-group-is-layout-23441af8 wp-block-group-is-layout-flex\">\n<p class=\"has-text-align-left has-contrast-2-color has-text-color has-link-color wp-elements-7564f50a4169ebc24d615207983f01b1\"><strong>\u2726<\/strong><\/p>\n\n\n\n<p class=\"has-text-align-left has-contrast-color has-text-color has-link-color wp-elements-d39106904ca21509da22a581f6ea3a7a\">Vous r\u00e9servez \u2192 <strong>Je confirme la disponibilit\u00e9 en 24h<\/strong><\/p>\n<\/div>\n\n\n\n<div class=\"wp-block-group is-content-justification-center is-nowrap is-layout-flex wp-container-core-group-is-layout-23441af8 wp-block-group-is-layout-flex\">\n<p class=\"has-text-align-left has-contrast-2-color has-text-color has-link-color wp-elements-7564f50a4169ebc24d615207983f01b1\"><strong>\u2726<\/strong><\/p>\n\n\n\n<p class=\"has-text-align-left has-contrast-color has-text-color has-link-color wp-elements-21567a43165ad27004a9c56aa5383cb2\">Nous convenons du paiement (<strong>Virement Interac<\/strong> ou <strong>carte de cr\u00e9dit<\/strong>)<\/p>\n<\/div>\n\n\n\n<div class=\"wp-block-group is-content-justification-center is-nowrap is-layout-flex wp-container-core-group-is-layout-23441af8 wp-block-group-is-layout-flex\">\n<p class=\"has-text-align-left has-contrast-2-color has-text-color has-link-color wp-elements-7564f50a4169ebc24d615207983f01b1\"><strong>\u2726<\/strong><\/p>\n\n\n\n<p class=\"has-text-align-center has-contrast-color has-text-color has-link-color wp-elements-874053f5e60a8a7924e2b75c49048949\">Livraison gratuite au Qu\u00e9bec, emballage soign\u00e9<\/p>\n<\/div>\n<\/div>\n\n\n\n<div style=\"height:16px\" aria-hidden=\"true\" class=\"wp-block-spacer\"><\/div>\n<\/div>\n<\/div>\n\n\n\r\n<div class=\"woocommerce\" id=\"pi-enquiry-container\">\r\n<table class=\"shop_table shop_table_responsive cart woocommerce-cart-form__contents\" cellspacing=\"0\">\r\n\t\t<thead>\r\n\t\t\t<tr>\r\n\t\t\t\t<th class=\"product-remove\">&nbsp;<\/th>\r\n\t\t\t\t<th class=\"product-thumbnail\">&nbsp;<\/th>\r\n\t\t\t\t<th class=\"product-name\">Produit<\/th>\r\n\t\t\t\t\t\t\t\t<th class=\"product-price\">Prix<\/th>\r\n\t\t\t\t\t\t\t\t\t\t\t\t\t\t\t<\/tr>\r\n\t\t<\/thead>\r\n        <tbody id=\"pi-enquiry-list-row\">\r\n                <\/tbody>\r\n<\/table>\r\n<form method=\"post\" id=\"pi-eqw-enquiry-form\" enctype=\"multipart\/form-data\" action=\"\"><div class=\"pi-row\"><div class=\"pi-col-12\"><input type=\"text\" name=\"pi_name\" required placeholder=\"Nom\" class=\"pi-form-control\"   data-msg-required=\"This field is required.\"  value=\"\"\/><\/div><\/div><div class=\"pi-row\"><div class=\"pi-col-12\"><input type=\"email\" name=\"pi_email\" required placeholder=\"Courriel\" class=\"pi-form-control\"  data-msg-required=\"This field is required.\"  data-msg-email=\"Please enter a valid email address\"  value=\"\"\/><\/div><\/div><div class=\"pi-row\"><div class=\"pi-col-12\"><input type=\"text\" name=\"pi_phone\" required placeholder=\"Phone\" class=\"pi-form-control\"  data-rule-digits data-msg-digits=\"Please enter only digits.\"  data-msg-required=\"This field is required.\"  value=\"\"\/><\/div><\/div><div class=\"pi-row\"><div class=\"pi-col-12\"><textarea name=\"pi_message\" required placeholder=\"Message\" class=\"pi-form-control\"  data-msg-required=\"This field is required.\" ><\/textarea><\/div><\/div><div class=\"pi-row\"><div class=\"pi-col-12\"><input type=\"submit\" value=\"R\u00e9server\" class=\"pi-btn pi-btn-primary pi-submit-enq-button\" \/><\/div><\/div><input type=\"hidden\" name=\"trp-form-language\" value=\"en\"\/><\/form><\/div>\r\n<!-- This file should primarily consist of HTML with a little bit of PHP. -->\r\n\n<\/div>\n<\/div><\/div><\/div>\n<\/div><\/div>\n\n\n\n<div class=\"wp-block-getwid-section alignfull alignfull getwid-section-content-custom-width\"><div class=\"wp-block-getwid-section__wrapper\"><div class=\"wp-block-getwid-section__inner-wrapper\" style=\"max-width:800px\"><div class=\"wp-block-getwid-section__background-holder\"><div class=\"wp-block-getwid-section__background\"><\/div><div class=\"wp-block-getwid-section__foreground\"><\/div><\/div><div class=\"wp-block-getwid-section__content\"><div class=\"wp-block-getwid-section__inner-content\">\n<div class=\"wp-block-columns is-layout-flex wp-container-core-columns-is-layout-28f84493 wp-block-columns-is-layout-flex\">\n<div class=\"wp-block-column is-layout-flow wp-block-column-is-layout-flow\" style=\"flex-basis:100%\"><\/div>\n<\/div>\n<\/div><\/div><\/div><\/div><\/div>","protected":false},"excerpt":{"rendered":"<p>Premi\u00e8re \u00e9tape de votre acquisition R\u00e9server une \u0153uvre vous permet de la s\u00e9curiser pendant que nous finalisons ensemble les d\u00e9tails de votre achat. \u2726 Vous r\u00e9servez \u2192 Je confirme la disponibilit\u00e9 en 24h \u2726 Nous convenons du paiement (Virement Interac ou carte de cr\u00e9dit) \u2726 Livraison gratuite au Qu\u00e9bec, emballage soign\u00e9<\/p>","protected":false},"author":1,"featured_media":0,"parent":0,"menu_order":0,"comment_status":"closed","ping_status":"closed","template":"","meta":{"footnotes":""},"class_list":["post-1404","page","type-page","status-publish","hentry"],"blocksy_meta":{"styles_descriptor":{"styles":{"desktop":"","tablet":"","mobile":""},"google_fonts":[],"version":6}},"yoast_head":"<!-- This site is optimized with the Yoast SEO plugin v26.5 - https:\/\/yoast.com\/wordpress\/plugins\/seo\/ -->\n<title>La r\u00e9servation - Anne Dubord Artiste Peintre<\/title>\n<meta name=\"robots\" content=\"index, follow, max-snippet:-1, max-image-preview:large, max-video-preview:-1\" \/>\n<link rel=\"canonical\" href=\"https:\/\/annedubord.ca\/en\/demande-info\/\" \/>\n<meta property=\"og:locale\" content=\"en_US\" \/>\n<meta property=\"og:type\" content=\"article\" \/>\n<meta property=\"og:title\" content=\"La r\u00e9servation - Anne Dubord Artiste Peintre\" \/>\n<meta property=\"og:description\" content=\"Premi\u00e8re \u00e9tape de votre acquisition R\u00e9server une \u0153uvre vous permet de la s\u00e9curiser pendant que nous finalisons ensemble les d\u00e9tails de votre achat. \u2726 Vous r\u00e9servez \u2192 Je confirme la disponibilit\u00e9 en 24h \u2726 Nous convenons du paiement (Virement Interac ou carte de cr\u00e9dit) \u2726 Livraison gratuite au Qu\u00e9bec, emballage soign\u00e9\" \/>\n<meta property=\"og:url\" content=\"https:\/\/annedubord.ca\/en\/demande-info\/\" \/>\n<meta property=\"og:site_name\" content=\"Anne Dubord Artiste Peintre\" \/>\n<meta property=\"article:publisher\" content=\"https:\/\/facebook.com\/annedubordartiste\" \/>\n<meta property=\"article:modified_time\" content=\"2025-12-15T17:06:43+00:00\" \/>\n<meta property=\"og:image\" content=\"https:\/\/i0.wp.com\/annedubord.ca\/wp-content\/uploads\/2022\/05\/60C21E87-99AC-4845-88CC-9EB7D27897A5.png?fit=942%2C789&ssl=1\" \/>\n\t<meta property=\"og:image:width\" content=\"942\" \/>\n\t<meta property=\"og:image:height\" content=\"789\" \/>\n\t<meta property=\"og:image:type\" content=\"image\/png\" \/>\n<meta name=\"twitter:card\" content=\"summary_large_image\" \/>\n<script type=\"application\/ld+json\" class=\"yoast-schema-graph\">{\"@context\":\"https:\/\/schema.org\",\"@graph\":[{\"@type\":\"WebPage\",\"@id\":\"https:\/\/annedubord.ca\/demande-info\/\",\"url\":\"https:\/\/annedubord.ca\/demande-info\/\",\"name\":\"La r\u00e9servation - Anne Dubord Artiste Peintre\",\"isPartOf\":{\"@id\":\"https:\/\/annedubord.ca\/#website\"},\"datePublished\":\"2022-09-22T15:46:04+00:00\",\"dateModified\":\"2025-12-15T17:06:43+00:00\",\"breadcrumb\":{\"@id\":\"https:\/\/annedubord.ca\/demande-info\/#breadcrumb\"},\"inLanguage\":\"en-CA\",\"potentialAction\":[{\"@type\":\"ReadAction\",\"target\":[\"https:\/\/annedubord.ca\/demande-info\/\"]}]},{\"@type\":\"BreadcrumbList\",\"@id\":\"https:\/\/annedubord.ca\/demande-info\/#breadcrumb\",\"itemListElement\":[{\"@type\":\"ListItem\",\"position\":1,\"name\":\"Accueil\",\"item\":\"https:\/\/annedubord.ca\/\"},{\"@type\":\"ListItem\",\"position\":2,\"name\":\"La r\u00e9servation\"}]},{\"@type\":\"WebSite\",\"@id\":\"https:\/\/annedubord.ca\/#website\",\"url\":\"https:\/\/annedubord.ca\/\",\"name\":\"Anne Dubord Artiste Peintre\",\"description\":\"Art figuratif et abstrait. Oeuvres originales par Anne Dubord\",\"publisher\":{\"@id\":\"https:\/\/annedubord.ca\/#organization\"},\"potentialAction\":[{\"@type\":\"SearchAction\",\"target\":{\"@type\":\"EntryPoint\",\"urlTemplate\":\"https:\/\/annedubord.ca\/?s={search_term_string}\"},\"query-input\":{\"@type\":\"PropertyValueSpecification\",\"valueRequired\":true,\"valueName\":\"search_term_string\"}}],\"inLanguage\":\"en-CA\"},{\"@type\":\"Organization\",\"@id\":\"https:\/\/annedubord.ca\/#organization\",\"name\":\"Anne Dubord - Artiste peintre\",\"url\":\"https:\/\/annedubord.ca\/\",\"logo\":{\"@type\":\"ImageObject\",\"inLanguage\":\"en-CA\",\"@id\":\"https:\/\/annedubord.ca\/#\/schema\/logo\/image\/\",\"url\":\"https:\/\/annedubord.ca\/wp-content\/uploads\/2022\/05\/AnneDubord-Logo-Horizontal.png\",\"contentUrl\":\"https:\/\/annedubord.ca\/wp-content\/uploads\/2022\/05\/AnneDubord-Logo-Horizontal.png\",\"width\":417,\"height\":180,\"caption\":\"Anne Dubord - Artiste peintre\"},\"image\":{\"@id\":\"https:\/\/annedubord.ca\/#\/schema\/logo\/image\/\"},\"sameAs\":[\"https:\/\/facebook.com\/annedubordartiste\",\"https:\/\/instagram.com\/annedubord.art\"]}]}<\/script>\n<!-- \/ Yoast SEO plugin. -->","yoast_head_json":{"title":"La r\u00e9servation - Anne Dubord Artiste Peintre","robots":{"index":"index","follow":"follow","max-snippet":"max-snippet:-1","max-image-preview":"max-image-preview:large","max-video-preview":"max-video-preview:-1"},"canonical":"https:\/\/annedubord.ca\/en\/demande-info\/","og_locale":"en_US","og_type":"article","og_title":"La r\u00e9servation - Anne Dubord Artiste Peintre","og_description":"Premi\u00e8re \u00e9tape de votre acquisition R\u00e9server une \u0153uvre vous permet de la s\u00e9curiser pendant que nous finalisons ensemble les d\u00e9tails de votre achat. \u2726 Vous r\u00e9servez \u2192 Je confirme la disponibilit\u00e9 en 24h \u2726 Nous convenons du paiement (Virement Interac ou carte de cr\u00e9dit) \u2726 Livraison gratuite au Qu\u00e9bec, emballage soign\u00e9","og_url":"https:\/\/annedubord.ca\/en\/demande-info\/","og_site_name":"Anne Dubord Artiste Peintre","article_publisher":"https:\/\/facebook.com\/annedubordartiste","article_modified_time":"2025-12-15T17:06:43+00:00","og_image":[{"width":942,"height":789,"url":"https:\/\/i0.wp.com\/annedubord.ca\/wp-content\/uploads\/2022\/05\/60C21E87-99AC-4845-88CC-9EB7D27897A5.png?fit=942%2C789&ssl=1","type":"image\/png"}],"twitter_card":"summary_large_image","schema":{"@context":"https:\/\/schema.org","@graph":[{"@type":"WebPage","@id":"https:\/\/annedubord.ca\/demande-info\/","url":"https:\/\/annedubord.ca\/demande-info\/","name":"La r\u00e9servation - Anne Dubord Artiste Peintre","isPartOf":{"@id":"https:\/\/annedubord.ca\/#website"},"datePublished":"2022-09-22T15:46:04+00:00","dateModified":"2025-12-15T17:06:43+00:00","breadcrumb":{"@id":"https:\/\/annedubord.ca\/demande-info\/#breadcrumb"},"inLanguage":"en-CA","potentialAction":[{"@type":"ReadAction","target":["https:\/\/annedubord.ca\/demande-info\/"]}]},{"@type":"BreadcrumbList","@id":"https:\/\/annedubord.ca\/demande-info\/#breadcrumb","itemListElement":[{"@type":"ListItem","position":1,"name":"Accueil","item":"https:\/\/annedubord.ca\/"},{"@type":"ListItem","position":2,"name":"La r\u00e9servation"}]},{"@type":"WebSite","@id":"https:\/\/annedubord.ca\/#website","url":"https:\/\/annedubord.ca\/","name":"Anne Dubord Artiste Peintre","description":"Art figuratif et abstrait. Oeuvres originales par Anne Dubord","publisher":{"@id":"https:\/\/annedubord.ca\/#organization"},"potentialAction":[{"@type":"SearchAction","target":{"@type":"EntryPoint","urlTemplate":"https:\/\/annedubord.ca\/?s={search_term_string}"},"query-input":{"@type":"PropertyValueSpecification","valueRequired":true,"valueName":"search_term_string"}}],"inLanguage":"en-CA"},{"@type":"Organization","@id":"https:\/\/annedubord.ca\/#organization","name":"Anne Dubord - Artiste peintre","url":"https:\/\/annedubord.ca\/","logo":{"@type":"ImageObject","inLanguage":"en-CA","@id":"https:\/\/annedubord.ca\/#\/schema\/logo\/image\/","url":"https:\/\/annedubord.ca\/wp-content\/uploads\/2022\/05\/AnneDubord-Logo-Horizontal.png","contentUrl":"https:\/\/annedubord.ca\/wp-content\/uploads\/2022\/05\/AnneDubord-Logo-Horizontal.png","width":417,"height":180,"caption":"Anne Dubord - Artiste peintre"},"image":{"@id":"https:\/\/annedubord.ca\/#\/schema\/logo\/image\/"},"sameAs":["https:\/\/facebook.com\/annedubordartiste","https:\/\/instagram.com\/annedubord.art"]}]}},"jetpack_sharing_enabled":true,"jetpack_likes_enabled":false,"_links":{"self":[{"href":"https:\/\/annedubord.ca\/en\/wp-json\/wp\/v2\/pages\/1404","targetHints":{"allow":["GET"]}}],"collection":[{"href":"https:\/\/annedubord.ca\/en\/wp-json\/wp\/v2\/pages"}],"about":[{"href":"https:\/\/annedubord.ca\/en\/wp-json\/wp\/v2\/types\/page"}],"author":[{"embeddable":true,"href":"https:\/\/annedubord.ca\/en\/wp-json\/wp\/v2\/users\/1"}],"replies":[{"embeddable":true,"href":"https:\/\/annedubord.ca\/en\/wp-json\/wp\/v2\/comments?post=1404"}],"version-history":[{"count":8,"href":"https:\/\/annedubord.ca\/en\/wp-json\/wp\/v2\/pages\/1404\/revisions"}],"predecessor-version":[{"id":4107,"href":"https:\/\/annedubord.ca\/en\/wp-json\/wp\/v2\/pages\/1404\/revisions\/4107"}],"wp:attachment":[{"href":"https:\/\/annedubord.ca\/en\/wp-json\/wp\/v2\/media?parent=1404"}],"curies":[{"name":"wp","href":"https:\/\/api.w.org\/{rel}","templated":true}]}}